{"id":2540,"date":"2018-08-31T13:27:46","date_gmt":"2018-08-31T16:27:46","guid":{"rendered":"https:\/\/ies9024-mza.infd.edu.ar\/sitio\/consejo-directivo\/"},"modified":"2023-02-06T13:24:41","modified_gmt":"2023-02-06T16:24:41","slug":"consejo-directivo","status":"publish","type":"page","link":"https:\/\/ies9024-infd.mendoza.edu.ar\/sitio\/consejo-directivo\/","title":{"rendered":"Consejo Directivo"},"content":{"rendered":"<p style=\"text-align: center;\">\n<p style=\"text-align: center;\"><strong>Autoridades del Consejo Directivo<\/strong><\/p>\n<p style=\"text-align: center;\">\n<style style=\"text\/css\">.hoverTable{\t\twidth:100%;\t\tborder-collapse:collapse;} .hoverTable td{padding:7px; border:#EDECEA 1px solid;\t} .hoverTable tr{\t\tbackground: #ffffff;                align-items: center;\t} .hoverTable tr:hover {        background-color: #EDECEA;         align-items: center;}<br \/><\/style>\n<\/p>\n<table class=\"hoverTable\">\n<tbody>\n<tr>\n<td style=\"text-align: center;\">Rectora: Lic. Esp. Carina Mirta Olarte<\/td>\n<\/tr>\n<\/tbody>\n<\/table>\n<p style=\"text-align: center;\">\n<p style=\"text-align: center;\"><strong>Claustro Docente &#8211; Consejeros Titulares \u00a0<\/strong><\/p>\n<table class=\"hoverTable\">\n<tbody>\n<tr>\n<td style=\"text-align: center;\">Lic. Andrea Siliprandi<\/td>\n<\/tr>\n<tr>\n<td style=\"text-align: center;\">Prof. Daniela Fusco<\/td>\n<\/tr>\n<tr>\n<td style=\"text-align: center;\">Lic. Carina Falc\u00f3n<\/td>\n<\/tr>\n<tr>\n<td style=\"text-align: center;\">Cdora. Silvia Acosta<\/td>\n<\/tr>\n<tr>\n<td style=\"text-align: center;\">Esp. Rub\u00e9n Banno<\/td>\n<\/tr>\n<\/tbody>\n<\/table>\n<p style=\"text-align: center;\"><strong>Claustro Docente &#8211; Consejeros Suplentes<\/strong><\/p>\n<table class=\"hoverTable\">\n<tbody>\n<tr>\n<td style=\"text-align: center;\">Prof. Anabella Aguirre<\/td>\n<\/tr>\n<tr>\n<td style=\"text-align: center;\">Esp. Mar\u00eda Navarra<\/td>\n<\/tr>\n<tr>\n<td style=\"text-align: center;\">Prof. Anal\u00eda Benenati<\/td>\n<\/tr>\n<tr>\n<td style=\"text-align: center;\">Prof. Stella Maris Pablo<\/td>\n<\/tr>\n<tr>\n<td style=\"text-align: center;\">Prof. Yamila Taha<\/td>\n<\/tr>\n<\/tbody>\n<\/table>\n<p style=\"text-align: center;\"><strong>Claustro No Docente<\/strong><\/p>\n<table class=\"hoverTable\">\n<tbody>\n<tr>\n<td style=\"text-align: center;\">Ricardo Mir\u00e1bile<\/td>\n<\/tr>\n<\/tbody>\n<\/table>\n<p style=\"text-align: center;\"><strong>Claustro \u00a0Alumnos &#8211; Consejeros Titulares<\/strong><\/p>\n<table class=\"hoverTable\">\n<tbody>\n<tr>\n<td style=\"text-align: center;\">Juli\u00e1n Rosendo Jes\u00fas, Cardozo<\/td>\n<\/tr>\n<tr>\n<td style=\"text-align: center;\">Guirado Villafa\u00f1e, Gonzalo Diego<\/td>\n<\/tr>\n<tr>\n<td style=\"text-align: center;\">Milagros Celeste P\u00e9rez<\/td>\n<\/tr>\n<\/tbody>\n<\/table>\n<p style=\"text-align: center;\"><strong>Claustro de Egresados<\/strong><\/p>\n<table class=\"hoverTable\">\n<tbody>\n<tr>\n<td style=\"text-align: center;\">Prof. Verna B\u00e1rbara<\/td>\n<\/tr>\n<\/tbody>\n<\/table>\n","protected":false},"excerpt":{"rendered":"<p>Autoridades del Consejo Directivo Rectora: Lic. Esp. Carina Mirta Olarte Claustro Docente &#8211; Consejeros Titulares \u00a0 Lic. Andrea Siliprandi Prof. Daniela Fusco Lic. Carina Falc\u00f3n Cdora. Silvia Acosta Esp. Rub\u00e9n Banno Claustro Docente &#8211; Consejeros Suplentes Prof. Anabella Aguirre Esp. Mar\u00eda Navarra Prof. Anal\u00eda Benenati Prof. Stella Maris Pablo Prof. Yamila Taha Claustro No Docente &#8230; <a title=\"Consejo Directivo\" class=\"read-more\" href=\"https:\/\/ies9024-infd.mendoza.edu.ar\/sitio\/consejo-directivo\/\" aria-label=\"More on Consejo Directivo\">[+]<\/a><\/p>\n","protected":false},"author":315,"featured_media":0,"parent":0,"menu_order":0,"comment_status":"closed","ping_status":"closed","template":"","meta":[],"acf":[],"_links":{"self":[{"href":"https:\/\/ies9024-infd.mendoza.edu.ar\/sitio\/wp-json\/wp\/v2\/pages\/2540"}],"collection":[{"href":"https:\/\/ies9024-infd.mendoza.edu.ar\/sitio\/wp-json\/wp\/v2\/pages"}],"about":[{"href":"https:\/\/ies9024-infd.mendoza.edu.ar\/sitio\/wp-json\/wp\/v2\/types\/page"}],"author":[{"embeddable":true,"href":"https:\/\/ies9024-infd.mendoza.edu.ar\/sitio\/wp-json\/wp\/v2\/users\/315"}],"replies":[{"embeddable":true,"href":"https:\/\/ies9024-infd.mendoza.edu.ar\/sitio\/wp-json\/wp\/v2\/comments?post=2540"}],"version-history":[{"count":10,"href":"https:\/\/ies9024-infd.mendoza.edu.ar\/sitio\/wp-json\/wp\/v2\/pages\/2540\/revisions"}],"predecessor-version":[{"id":4631,"href":"https:\/\/ies9024-infd.mendoza.edu.ar\/sitio\/wp-json\/wp\/v2\/pages\/2540\/revisions\/4631"}],"wp:attachment":[{"href":"https:\/\/ies9024-infd.mendoza.edu.ar\/sitio\/wp-json\/wp\/v2\/media?parent=2540"}],"curies":[{"name":"wp","href":"https:\/\/api.w.org\/{rel}","templated":true}]}}