{"id":2570,"date":"2018-08-31T13:27:55","date_gmt":"2018-08-31T16:27:55","guid":{"rendered":"https:\/\/ies9024-mza.infd.edu.ar\/sitio\/autoridades\/"},"modified":"2025-12-03T01:40:38","modified_gmt":"2025-12-03T04:40:38","slug":"autoridades","status":"publish","type":"page","link":"https:\/\/ies9024-infd.mendoza.edu.ar\/sitio\/autoridades\/","title":{"rendered":""},"content":{"rendered":"\n<!DOCTYPE html>\n<html lang=\"es\">\n<head>\n  <meta charset=\"UTF-8\">\n  <meta name=\"viewport\" content=\"width=device-width, initial-scale=1.0\">\n<style>\n    body {\n        margin: 0;\n        font-family: 'Roboto', sans-serif;\n        line-height: 1.6;\n        color: #333;\n    }\n    .autoridades-section {\n    padding: 40px 20px;\n    background: #f9f9f9;\n    text-align: center;\n    }\n\n    .autoridades-section h2 {\n    font-size: 2rem;\n    margin-bottom: 30px;\n    color: #333;\n    font-family: 'Poppins', sans-serif;\n    }\n\n    .autoridad-card {\n    background: white;\n    border-radius: 10px;\n    box-shadow: 0 4px 10px rgba(0,0,0,0.1);\n    margin: 20px auto;\n    padding: 20px;\n    max-width: 800px;\n    text-align: left;\n    }\n\n    .autoridad-card h3 {\n    color: #0056b3;\n    font-size: 1.4rem;\n    margin-bottom: 15px;\n    border-bottom: 2px solid #eee;\n    padding-bottom: 5px;\n    }\n\n    .autoridad-card ul {\n    list-style: none;\n    padding: 0;\n    }\n\n    .autoridad-card li {\n    margin: 8px 0;\n    font-size: 1rem;\n    line-height: 1.5;\n    }\n<\/style>\n<\/head>\n<body>\n\n<section id=\"autoridades\" class=\"autoridades-section\">\n  <h2>Autoridades del Instituto<\/h2>\n  <!-- Equipo Directivo -->\n  <div class=\"autoridad-card\">\n    <h3>Equipo Directivo<\/h3>\n    <ul>\n      <li><strong>Rectora:<\/strong> Lic. Esp. Carina Olarte<\/li>\n      <li><strong>Regente:<\/strong> Prof. Mgter. Dar\u00edo Navarra<\/li>\n      <li><strong>Secretaria:<\/strong> Mariana Navarra<\/li>\n      <li><strong>Jefatura de Formaci\u00f3n Inicial:<\/strong> Lic. Esp. Gabriela Alonso<\/li>\n      <li><strong>Jefatura de Extensi\u00f3n:<\/strong> Prof. Esp. Soledad \u00c1lvarez<\/li>\n    <\/ul>\n  <\/div>\n    <!-- coordinadores -->\n  <div class=\"autoridad-card\">\n    <h3>Coordinadores por carreras<\/h3>\n    <ul>\n      <li><strong>Profesorado de Educaci\u00f3n Secundaria en Lengua y Literatura:<\/strong> Prof. Esp. Josefina Appugliese<\/li>\n      <li><strong>Profesorado de Educaci\u00f3n Secundaria en Matem\u00e1tica:<\/strong> Prof. Esp. Lorena Vercesi<\/li>\n      <li><strong>Profesorado de Educaci\u00f3n Especial:<\/strong> Prof. Esp. Andrea Alonso<\/li>\n      <li><strong>Tecnicatura Superior en Desarrollo de Software:<\/strong> Ing. Enzo Vonkunoschy<\/li>\n      <li><strong>Tecnicatura Superior en Enolog\u00eda e Industrias de los Alimentos:<\/strong> Esp. Laura Miguez<\/li>\n      <li><strong>Tecnicatura Superior en Administraci\u00f3n de Empresas:<\/strong> Tec. Miguel L\u00f3pez<\/li>\n      <li><strong>Tecnicatura Superior en Higiene y Seguridad:<\/strong> Prof. Walter Olivares<\/li>\n      <li><strong>Tecnicatura Superior en Comunicaci\u00f3n Social:<\/strong> Lic. Pamela Castro<\/li>\n      <li><strong>Coordinaci\u00f3n \u00c1rea Bimodal:<\/strong> Prof. Esp. Leandro Fern\u00e1ndez<\/li>\n      <li><strong>Referentes de pol\u00edticas estudiantiles:<\/strong> Lic. Carina Falc\u00f3n<\/li>\n\n    <\/ul>\n  <\/div>\n  <!-- Consejo Directivo -->\n  <div class=\"autoridad-card\">\n    <h3>Consejo Directivo<\/h3>\n    <ul>\n      <li><strong>Autoridades del consejo:<\/strong> Lic. Esp. Carina Mirta Olarte<\/li>\n      <li><strong>Claustro Docente \u2013 Titulares:<\/strong> Lic. Andrea Siliprandi, Prof. Daniela Fusco, Lic. Carina Falc\u00f3n, Cdora. Silvia Acosta, Esp. Rub\u00e9n Banno<\/li>\n      <li><strong>Claustro Docente \u2013 Suplentes:<\/strong> Prof. Anabella Aguirre, Esp. Mar\u00eda Navarra\nProf. Anal\u00eda Benenati, Prof. Stella Maris Pablo, Prof. Yamila Taha<\/li>\n      <li><strong>Claustro No Docente:<\/strong> Ricardo Mirabile<\/li>\n      <li><strong>Claustro Estudiantes:<\/strong> Juli\u00e1n Rosendo Jes\u00fas Cardozo, Gonzalo Villafa\u00f1e, Milagros Celeste P\u00e9rez<\/li>\n      <li><strong>Claustro Egresado:<\/strong> Prof. Verna B\u00e1rbara<\/li>\n    <\/ul>\n  <\/div>\n\n  <!-- Consejo Acad\u00e9mico -->\n  <div class=\"autoridad-card\">\n    <h3>Consejo Acad\u00e9mico Docente<\/h3>\n    <ul>\n      <li><strong>Autoridades-Rectora:<\/strong> Lic. Esp. Carina Mirta Olarte<\/li>\n      <li><strong>Autoridades-Regente:<\/strong> Mgter. Dar\u00edo Navarra<\/li>\n      <li><strong>Consejera-Jefatura  de Formaci\u00f3n Inicial:<\/strong> Prof. Andrea Alonso<\/li>\n      <li><strong>Consejera-Jefatura de Extensi\u00f3n:<\/strong> Prof. Esp. Soledad \u00c1lvarez<\/li>\n      <li><strong>Consejera-Profesorado de Educaci\u00f3n Secundaria en Lengua y Literatura:<\/strong> Prof. Esp. Josefina Appugliese<\/li>\n      <li><strong>Consejera-Profesorado de Educaci\u00f3n Secundaria en Matem\u00e1tica:<\/strong> Prof. Esp. Lorena Vercesi<\/li>\n      <li><strong>Consejera-Profesorado de Educaci\u00f3n Especial:<\/strong> Prof. Esp. Andrea Alonso<\/li>\n      <li><strong>Consejero-Tecnicatura Superior en Desarrollo de Software:<\/strong> Ing. Enzo Vonkunoschy<\/li>\n      <li><strong>Consejera-Tecnicatura Superior en Enolog\u00eda e Industrias de los Alimentos:<\/strong> Esp. Laura Miguez<\/li>\n      <li><strong>Consejero-Tecnicatura Superior en Administraci\u00f3n de Empresas:<\/strong> Tec. Miguel L\u00f3pez<\/li>\n      <li><strong>Consejero-Tecnicatura Superior en Higiene y Seguridad:<\/strong> Prof. Walter Olivares<\/li>\n      <li><strong>Consejera-Tecnicatura Superior en Comunicaci\u00f3n Social:<\/strong> Lic. Pamela Castro<\/li>\n    <\/ul>\n  <\/div>\n<\/section>\n<\/body>\n<\/html>\n","protected":false},"excerpt":{"rendered":"<p>Autoridades del Instituto Equipo Directivo Rectora: Lic. Esp. Carina Olarte Regente: Prof. Mgter. Dar\u00edo Navarra Secretaria: Mariana Navarra Jefatura de Formaci\u00f3n Inicial: Lic. Esp. Gabriela Alonso Jefatura de Extensi\u00f3n: Prof. Esp. Soledad \u00c1lvarez Coordinadores por carreras Profesorado de Educaci\u00f3n Secundaria en Lengua y Literatura: Prof. Esp. Josefina Appugliese Profesorado de Educaci\u00f3n Secundaria en Matem\u00e1tica: Prof. &#8230; <a title=\"\" class=\"read-more\" href=\"https:\/\/ies9024-infd.mendoza.edu.ar\/sitio\/autoridades\/\" aria-label=\"More on \">[+]<\/a><\/p>\n","protected":false},"author":315,"featured_media":0,"parent":0,"menu_order":0,"comment_status":"closed","ping_status":"closed","template":"","meta":[],"acf":[],"_links":{"self":[{"href":"https:\/\/ies9024-infd.mendoza.edu.ar\/sitio\/wp-json\/wp\/v2\/pages\/2570"}],"collection":[{"href":"https:\/\/ies9024-infd.mendoza.edu.ar\/sitio\/wp-json\/wp\/v2\/pages"}],"about":[{"href":"https:\/\/ies9024-infd.mendoza.edu.ar\/sitio\/wp-json\/wp\/v2\/types\/page"}],"author":[{"embeddable":true,"href":"https:\/\/ies9024-infd.mendoza.edu.ar\/sitio\/wp-json\/wp\/v2\/users\/315"}],"replies":[{"embeddable":true,"href":"https:\/\/ies9024-infd.mendoza.edu.ar\/sitio\/wp-json\/wp\/v2\/comments?post=2570"}],"version-history":[{"count":19,"href":"https:\/\/ies9024-infd.mendoza.edu.ar\/sitio\/wp-json\/wp\/v2\/pages\/2570\/revisions"}],"predecessor-version":[{"id":6666,"href":"https:\/\/ies9024-infd.mendoza.edu.ar\/sitio\/wp-json\/wp\/v2\/pages\/2570\/revisions\/6666"}],"wp:attachment":[{"href":"https:\/\/ies9024-infd.mendoza.edu.ar\/sitio\/wp-json\/wp\/v2\/media?parent=2570"}],"curies":[{"name":"wp","href":"https:\/\/api.w.org\/{rel}","templated":true}]}}