{"id":2572,"date":"2018-08-31T13:27:56","date_gmt":"2018-08-31T16:27:56","guid":{"rendered":"https:\/\/ies9024-mza.infd.edu.ar\/sitio\/proyecto-institucional-area-tic\/"},"modified":"2022-08-25T19:59:40","modified_gmt":"2022-08-25T22:59:40","slug":"proyecto-institucional-area-tic","status":"publish","type":"page","link":"https:\/\/ies9024-infd.mendoza.edu.ar\/sitio\/proyecto-institucional-area-tic\/","title":{"rendered":"Proyecto Institucional \u00c1rea  TIC"},"content":{"rendered":"<p><strong>Fundamentaci\u00f3n:<\/strong><br \/>\n<amp-iframe src=\"https:\/\/www.ivoox.com\/player_es_podcast_894935_zp_1.html?c1=de1823\" width=\"auto\" height=\"400\" sandbox=\"allow-scripts allow-popups allow-popups-to-escape-sandbox allow-same-origin\" layout=\"fixed-height\" frameborder=\"0\" scrolling=\"no\"><amp-img src=\"https:\/\/static-1.ivoox.com\/canales\/7\/4\/1\/2\/4671587092147_XXL.jpg\" placeholder=\"\" width=\"400\" height=\"400\" layout=\"fixed\" alt=\"\u00bfY la secundaria c\u00f3mo est\u00e1?\"><\/amp-img><\/amp-iframe><br \/>\nEn nuestra instituci\u00f3n estamos en un fuerte proceso de implementaci\u00f3n de las TIC, se han logrado grandes avances como la masiva utilizaci\u00f3n de la plataforma virtual, la buena implementaci\u00f3n del programa Conectar Igualdad, la utilizaci\u00f3n de diversos recursos TIC en las aulas (proyector, multimedia, computadoras, red, internet, etc.). Es hora de avanzar al siguiente nivel de uso de las herramientas tecnol\u00f3gicas y mejorar en la calidad de implementaci\u00f3n y utilizaci\u00f3n de las mismas.&nbsp;&nbsp;Comenzando a profundizar conocimientos, re-conocer algunos recursos usados habitualmente y otros que no se utilizan, y descubrir nuevas herramientas que pueden ayudarnos en nuestra pr\u00e1ctica de ense\u00f1anza y aprendizaje.<\/p>\n<p>Para alcanzar este objetivo se implementar\u00e1 el dictado de cursos sobre las diferentes herramientas inform\u00e1ticas que frecuentemente se utilizan en el proceso ense\u00f1anza aprendizaje de nuestra instituci\u00f3n, tales como:<\/p>\n<ul>\n<li>&nbsp; Manejo integral de sistema operativo, entorno Windows.<\/li>\n<li>&nbsp; Uso del correo electr\u00f3nico como herramienta fundamental de comunicaci\u00f3n.<\/li>\n<li>&nbsp; Navegaci\u00f3n, elaboraci\u00f3n de contenido y administraci\u00f3n de la plataforma virtual institucional.<\/li>\n<li>&nbsp; Herramientas ofim\u00e1ticas (Word, Excel, Power Point)<\/li>\n<\/ul>\n<p>Consideramos que hay ciertos recursos y herramientas que ya son de dominio general dentro de la instituci\u00f3n, como:<\/p>\n<ul>\n<li>&nbsp; Provisi\u00f3n de netbooks institucionales a docentes y alumnos.<\/li>\n<li>&nbsp; Pr\u00e9stamos de material de biblioteca ( Libros, cuadernillos, reglas, etc)<\/li>\n<li>&nbsp; Suministro &nbsp;de herramientas multimedia (proyectores, parlantes, prolongaciones)<\/li>\n<li>&nbsp; Uso del servidor escolar.<\/li>\n<\/ul>\n<p>Para esto, ser\u00e1 importante organizar un equipo dedicado a dirigir y coordinar las distintas acciones y lineamientos, conformado por los perfiles T\u00e9cnico, Pedag\u00f3gico.<\/p>\n<p><strong>3- Objetivos<\/strong>:<\/p>\n<ul>\n<li>&nbsp; Favorecer la participaci\u00f3n de todos los sectores y \u00e1reas institucionales a partir de estrategias de acceso y administraci\u00f3n de la informaci\u00f3n.<\/li>\n<li>&nbsp; Elaborar, difundir, implementar y evaluar&nbsp;distintas capacitaciones para optimizar el uso de herramientas concretas, ampliando el campo de conocimiento y acci\u00f3n de los participantes.<\/li>\n<\/ul>\n<p>En lo <strong>administrativo organizacional<\/strong>:<\/p>\n<p>Sistematizar la informaci\u00f3n administrativa referida a:<\/p>\n<ul>\n<li>Gesti\u00f3n de personal (asistencia, cumplimiento de tareas institucionales);<\/li>\n<li>Procesos acad\u00e9micos (inscripci\u00f3n a mesas, desempe\u00f1o docente, capacitaciones y congresos);<\/li>\n<li>Procesos y actividades inter institucionales&nbsp; (Congresos; Jornadas; Actos, etc.).<\/li>\n<\/ul>\n<p>En lo <strong>pedag\u00f3gico did\u00e1ctico<\/strong>:<\/p>\n<p>Implementar y fortalecer el uso de la plataforma como \u00e1mbito para:<\/p>\n<ul>\n<li>Aprendizaje de los alumnos en cada carrera y entre carreras;<\/li>\n<li>El desarrollo profesional docente continuo (en las tecnicaturas y los profesorados).<\/li>\n<\/ul>\n<p><strong>L\u00edneas de Acci\u00f3n:<\/strong><\/p>\n<ul>\n<li>&nbsp; Asegurar que todo el personal disponga y utilice el Correo electr\u00f3nico<\/li>\n<\/ul>\n<p>Establecer el correo electr\u00f3nico como medio de comunicaci\u00f3n obligatorio seg\u00fan lo establece el Acta N\u00b010\/16 del Consejo Directivo. En concordancia con el Art\u00edculo 41\u00b0 &#8211; Decreto Nacional N\u00b0 1759\/1972 T.O. 1991 &#8211; &nbsp;Reglamentario de la Ley 19549 de Procedimientos Administrativos. La propuesta se basa en elaborar un correo electr\u00f3nico al personal que no lo posea a\u00fan, brindar capacitaci\u00f3n sobre los usos correctos de acceso peri\u00f3dico y utilizaci\u00f3n en general.<\/p>\n<ul>\n<li>&nbsp; Concientizaci\u00f3n y buenas pr\u00e1cticas en el uso de los recursos TIC.<\/li>\n<\/ul>\n<p>Evitar el mal uso de internet con abuso de recursos como streaming y descargas P2P, descuido en el uso de herramientas TIC, sus cuidados, etc. Para esto se implementar\u00e1 el dictado de un curso sobre el manejo integral de pc, entorno Windows.<\/p>\n<ul>\n<li>&nbsp; Administraci\u00f3n y gesti\u00f3n de la informaci\u00f3n<\/li>\n<\/ul>\n<p>Elaborar formularios y compartir formatos de presentaci\u00f3n para procesos tales como inscripci\u00f3n y evaluaci\u00f3n de desempe\u00f1o docente articulando mancomunadamente el trabajo con bedel\u00eda y secretar\u00eda.<\/p>\n<ul>\n<li>&nbsp; Optimizaci\u00f3n del uso de la&nbsp;Plataforma Virtual<\/li>\n<\/ul>\n<p>Brindar una capacitaci\u00f3n elemental, sobre el acceso y recorrido de la plataforma (front-end), administraci\u00f3n, elaboraci\u00f3n y publicaci\u00f3n de todo tipo de contenido dominando las herramientas de edici\u00f3n (back-end).<\/p>\n<ul>\n<li>&nbsp; Alfabetizaci\u00f3n Digital<\/li>\n<\/ul>\n<p>Ofrecer una capacitaci\u00f3n b\u00e1sica sobre uso de Herramientas Ofim\u00e1ticas como Word, Exel, Power Point y Paint. Para la alfabetizaci\u00f3n digital de la comunidad del IES.<\/p>\n<ul>\n<li>&nbsp; Seguimiento del uso de las aulas virtuales<\/li>\n<\/ul>\n<p>Ingresar peri\u00f3dicamente a las aulas virtuales institucionales y revisar el acceso, materiales y modificaci\u00f3n de los mismos por parte de los docentes.<\/p>\n<p style=\"text-align: left;\"><strong>Datos de Identificaci\u00f3n:<\/strong><\/p>\n<table style=\"height: 169px;\" border=\"1\" width=\"676\" cellspacing=\"0\" cellpadding=\"0\">\n<tbody>\n<tr>\n<td valign=\"top\" width=\"143\">&nbsp; &nbsp;<strong>Nombre y Apellido<\/strong><\/td>\n<td valign=\"top\" width=\"425\"><strong>&nbsp;Rol Institucional<\/strong><\/td>\n<\/tr>\n<tr>\n<td valign=\"top\" width=\"143\">Gustavo Sidoti<\/td>\n<td valign=\"top\" width=\"425\">&nbsp;Referente de \u00c1rea.<\/td>\n<\/tr>\n<tr>\n<td valign=\"top\" width=\"143\">Soledad Alvarez<\/td>\n<td valign=\"top\" width=\"425\">&nbsp;Referente de \u00c1rea<\/td>\n<\/tr>\n<tr>\n<td valign=\"top\" width=\"143\">Guillermo Leonforte<\/td>\n<td valign=\"top\" width=\"425\">&nbsp;Referente de \u00c1rea<\/td>\n<\/tr>\n<tr>\n<td valign=\"top\" width=\"143\">Juan Jos\u00e9 Quiroga<\/td>\n<td valign=\"top\" width=\"425\">&nbsp;Referente de \u00c1rea<\/td>\n<\/tr>\n<\/tbody>\n<\/table>\n","protected":false},"excerpt":{"rendered":"<p>Fundamentaci\u00f3n: En nuestra instituci\u00f3n estamos en un fuerte proceso de implementaci\u00f3n de las TIC, se han logrado grandes avances como la masiva utilizaci\u00f3n de la plataforma virtual, la buena implementaci\u00f3n del programa Conectar Igualdad, la utilizaci\u00f3n de diversos recursos TIC en las aulas (proyector, multimedia, computadoras, red, internet, etc.). Es hora de avanzar al siguiente &#8230; <a title=\"Proyecto Institucional \u00c1rea  TIC\" class=\"read-more\" href=\"https:\/\/ies9024-infd.mendoza.edu.ar\/sitio\/proyecto-institucional-area-tic\/\" aria-label=\"More on Proyecto Institucional \u00c1rea  TIC\">[+]<\/a><\/p>\n","protected":false},"author":315,"featured_media":0,"parent":0,"menu_order":0,"comment_status":"closed","ping_status":"closed","template":"","meta":[],"acf":[],"_links":{"self":[{"href":"https:\/\/ies9024-infd.mendoza.edu.ar\/sitio\/wp-json\/wp\/v2\/pages\/2572"}],"collection":[{"href":"https:\/\/ies9024-infd.mendoza.edu.ar\/sitio\/wp-json\/wp\/v2\/pages"}],"about":[{"href":"https:\/\/ies9024-infd.mendoza.edu.ar\/sitio\/wp-json\/wp\/v2\/types\/page"}],"author":[{"embeddable":true,"href":"https:\/\/ies9024-infd.mendoza.edu.ar\/sitio\/wp-json\/wp\/v2\/users\/315"}],"replies":[{"embeddable":true,"href":"https:\/\/ies9024-infd.mendoza.edu.ar\/sitio\/wp-json\/wp\/v2\/comments?post=2572"}],"version-history":[{"count":17,"href":"https:\/\/ies9024-infd.mendoza.edu.ar\/sitio\/wp-json\/wp\/v2\/pages\/2572\/revisions"}],"predecessor-version":[{"id":4542,"href":"https:\/\/ies9024-infd.mendoza.edu.ar\/sitio\/wp-json\/wp\/v2\/pages\/2572\/revisions\/4542"}],"wp:attachment":[{"href":"https:\/\/ies9024-infd.mendoza.edu.ar\/sitio\/wp-json\/wp\/v2\/media?parent=2572"}],"curies":[{"name":"wp","href":"https:\/\/api.w.org\/{rel}","templated":true}]}}