{"id":2607,"date":"2018-08-31T13:28:10","date_gmt":"2018-08-31T16:28:10","guid":{"rendered":"https:\/\/ies9024-mza.infd.edu.ar\/sitio\/proyecto-institucional-alfabetizacion-de-jovenes-y-adultos\/"},"modified":"2023-02-08T09:50:16","modified_gmt":"2023-02-08T12:50:16","slug":"proyecto-institucional-alfabetizacion-de-jovenes-y-adultos","status":"publish","type":"page","link":"https:\/\/ies9024-infd.mendoza.edu.ar\/sitio\/proyecto-institucional-alfabetizacion-de-jovenes-y-adultos\/","title":{"rendered":"Proyecto Institucional-Alfabetizaci\u00f3n de J\u00f3venes y Adultos"},"content":{"rendered":"<p class=\"normal\"><strong>Proyecto de Alfabetizaci\u00f3n de J\u00f3venes y Adultos<\/strong><\/p>\n<p><strong>Objetivos:<\/strong><\/p>\n<ul>\n<li>Propiciar un espacio de encuentro para que j\u00f3venes y adultos del departamento se alfabeticen.<\/li>\n<li>Brindar herramientas b\u00e1sicas para fortalecer y desarrollar la lectura, escritura, comprensi\u00f3n de textos escritos y la realizaci\u00f3n de c\u00e1lculos matem\u00e1ticos b\u00e1sicos.<\/li>\n<li>Promover el desarrollo integral de quienes participan en el proyecto para que puedan desenvolverse con mayor seguridad en su vida cotidiana.<\/li>\n<li>Generar espacios de participaci\u00f3n en diferentes eventos extracurriculares que permitan la vinculaci\u00f3n con la comunidad.<\/li>\n<li>Vincular el proyecto de alfabetizaci\u00f3n con las diversas propuestas del resto de los proyectos institucionales para lograr el desarrollo de diversas habilidades.<\/li>\n<\/ul>\n<p class=\"normal\"><strong>Integrantes<\/strong><\/p>\n<p class=\"normal\">Licenciada, Especialista, Johana Fuerte<\/p>\n<p class=\"normal\">Especialista, Profesora, Soledad Alvarez<\/p>\n<p><strong>D\u00edas de clases<\/strong><\/p>\n<p>Los jueves, con horario a convenir.<\/p>\n<p><strong>Modalidad<\/strong><\/p>\n<p>Presencial.<\/p>\n<p><strong>Lugar<\/strong><\/p>\n<p>Dr. Moreno y Fleming, IES LAVALLE, CEIL- Villa Tulumaya<\/p>\n<p><strong>Descripci\u00f3n<\/strong><\/p>\n<p>El proyecto est\u00e1 destinado a j\u00f3venes y adultos que deseen fortalecer sus conocimientos en relaci\u00f3n a la lectura, la escritura y los c\u00e1lculos matem\u00e1ticos b\u00e1sicos.<\/p>\n<p>Consiste en encuentros semanales donde compartimos experiencias, mates y realizamos actividades de inter\u00e9s para el\/la estudiante que involucran poner en juego y desarrollar las habilidades mencionadas.<\/p>\n<p>Los requisitos son m\u00ednimos:<\/p>\n<p>-DNI<\/p>\n<p>-Aportar datos para completar planilla de inscripci\u00f3n y ficha personal.<\/p>\n<p>-Las clases no tienen costo.<\/p>\n","protected":false},"excerpt":{"rendered":"<p>Proyecto de Alfabetizaci\u00f3n de J\u00f3venes y Adultos Objetivos: Propiciar un espacio de encuentro para que j\u00f3venes y adultos del departamento se alfabeticen. Brindar herramientas b\u00e1sicas para fortalecer y desarrollar la lectura, escritura, comprensi\u00f3n de textos escritos y la realizaci\u00f3n de c\u00e1lculos matem\u00e1ticos b\u00e1sicos. Promover el desarrollo integral de quienes participan en el proyecto para que &#8230; <a title=\"Proyecto Institucional-Alfabetizaci\u00f3n de J\u00f3venes y Adultos\" class=\"read-more\" href=\"https:\/\/ies9024-infd.mendoza.edu.ar\/sitio\/proyecto-institucional-alfabetizacion-de-jovenes-y-adultos\/\" aria-label=\"More on Proyecto Institucional-Alfabetizaci\u00f3n de J\u00f3venes y Adultos\">[+]<\/a><\/p>\n","protected":false},"author":315,"featured_media":0,"parent":0,"menu_order":0,"comment_status":"closed","ping_status":"closed","template":"","meta":[],"acf":[],"_links":{"self":[{"href":"https:\/\/ies9024-infd.mendoza.edu.ar\/sitio\/wp-json\/wp\/v2\/pages\/2607"}],"collection":[{"href":"https:\/\/ies9024-infd.mendoza.edu.ar\/sitio\/wp-json\/wp\/v2\/pages"}],"about":[{"href":"https:\/\/ies9024-infd.mendoza.edu.ar\/sitio\/wp-json\/wp\/v2\/types\/page"}],"author":[{"embeddable":true,"href":"https:\/\/ies9024-infd.mendoza.edu.ar\/sitio\/wp-json\/wp\/v2\/users\/315"}],"replies":[{"embeddable":true,"href":"https:\/\/ies9024-infd.mendoza.edu.ar\/sitio\/wp-json\/wp\/v2\/comments?post=2607"}],"version-history":[{"count":1,"href":"https:\/\/ies9024-infd.mendoza.edu.ar\/sitio\/wp-json\/wp\/v2\/pages\/2607\/revisions"}],"predecessor-version":[{"id":4640,"href":"https:\/\/ies9024-infd.mendoza.edu.ar\/sitio\/wp-json\/wp\/v2\/pages\/2607\/revisions\/4640"}],"wp:attachment":[{"href":"https:\/\/ies9024-infd.mendoza.edu.ar\/sitio\/wp-json\/wp\/v2\/media?parent=2607"}],"curies":[{"name":"wp","href":"https:\/\/api.w.org\/{rel}","templated":true}]}}