{"id":3213,"date":"2019-11-12T18:44:18","date_gmt":"2019-11-12T21:44:18","guid":{"rendered":"https:\/\/ies9024-mza.infd.edu.ar\/sitio\/?page_id=3213"},"modified":"2026-03-13T16:37:07","modified_gmt":"2026-03-13T19:37:07","slug":"profesorado-de-educacion-secundaria-en-matematica","status":"publish","type":"page","link":"https:\/\/ies9024-infd.mendoza.edu.ar\/sitio\/profesorado-de-educacion-secundaria-en-matematica\/","title":{"rendered":"Profesorado de Educaci\u00f3n Secundaria en Matem\u00e1tica"},"content":{"rendered":"\n<!DOCTYPE html>\n<html lang=\"es\">\n<head>\n  <meta charset=\"UTF-8\" \/>\n  <meta name=\"viewport\" content=\"width=device-width, initial-scale=1.0\" \/>\n  <title>Profesorado de Matem\u00e1tica<\/title>\n  <style>\n    body {\n      font-family: 'Segoe UI', Tahoma, Geneva, Verdana, sans-serif;\n      background: #f9f9f9;\n      margin: 0;\n      padding: 0;\n      color: #333;\n    }\n\n    .wrapper {\n      max-width: 900px;\n      margin: 0 auto;\n      padding: 20px;\n      text-align: center;\n    }\n\n    h2 {\n      font-size: 32px;\n      margin: 30px 0 10px;\n      color: #2c3e50;\n    }\n\n    .carousel-container {\n      position: relative;\n      width: 100%;\n      overflow: hidden;\n      border-radius: 16px;\n      box-shadow: 0 8px 20px rgba(0,0,0,0.1);\n    }\n\n    .carousel-slide {\n      display: flex;\n      transition: transform 0.5s ease-in-out;\n    }\n\n    .carousel-slide img {\n      width: 100%;\n      flex-shrink: 0;\n      border-radius: 16px;\n    }\n\n    .nav-btn {\n      position: absolute;\n      top: 50%;\n      transform: translateY(-50%);\n      background-color: rgba(0, 0, 0, 0.4);\n      border: none;\n      color: white;\n      font-size: 24px;\n      cursor: pointer;\n      padding: 10px 14px;\n      border-radius: 50%;\n      z-index: 2;\n      transition: background-color 0.3s;\n    }\n\n    .nav-btn:hover {\n      background-color: rgba(0, 0, 0, 0.7);\n    }\n\n    .prev {\n      left: 10px;\n    }\n\n    .next {\n      right: 10px;\n    }\n\n    .indicators {\n      text-align: center;\n      margin-top: 10px;\n    }\n\n    .dot {\n      display: inline-block;\n      width: 12px;\n      height: 12px;\n      margin: 5px;\n      background-color: #bbb;\n      border-radius: 50%;\n      cursor: pointer;\n      transition: background-color 0.3s;\n    }\n\n    .dot.active {\n      background-color: #007bff;\n    }\n\n    .btn-container {\n      margin-top: 25px;\n      display: flex;\n      justify-content: center;\n      gap: 20px;\n      flex-wrap: wrap;\n    }\n\n    .btn {\n      background-color: #007bff;\n      color: white;\n      padding: 12px 24px;\n      border: none;\n      border-radius: 6px;\n      text-decoration: none;\n      font-size: 16px;\n      transition: background-color 0.3s, transform 0.2s;\n    }\n\n    .btn:hover {\n      background-color: #0056b3;\n      transform: scale(1.03);\n    }\n  <\/style>\n<\/head>\n<body>\n\n  <div class=\"wrapper\">\n    <div class=\"carousel-container\">\n      <div class=\"carousel-slide\" id=\"carouselSlide\">\n        <img decoding=\"async\" src=\"https:\/\/ies9024-infd.mendoza.edu.ar\/sitio\/wp-content\/uploads\/2025\/05\/M-1-2.jpg\" alt=\"Imagen 1\">\n        <img decoding=\"async\" src=\"https:\/\/ies9024-infd.mendoza.edu.ar\/sitio\/wp-content\/uploads\/2025\/05\/M-2-2.jpg\" alt=\"Imagen 2\">\n        <img decoding=\"async\" src=\"https:\/\/ies9024-infd.mendoza.edu.ar\/sitio\/wp-content\/uploads\/2025\/05\/M-3-2.jpg\" alt=\"Imagen 3\">\n        <img decoding=\"async\" src=\"https:\/\/ies9024-infd.mendoza.edu.ar\/sitio\/wp-content\/uploads\/2025\/05\/M-4-2.jpg\" alt=\"Imagen 3\">\n      <\/div>\n      <button class=\"nav-btn prev\" onclick=\"moveSlide(-1)\">&#10094;<\/button>\n      <button class=\"nav-btn next\" onclick=\"moveSlide(1)\">&#10095;<\/button>\n    <\/div>\n\n    <div class=\"indicators\" id=\"dotsContainer\"><\/div>\n\n    <h2>Profesorado de Educaci\u00f3n Secundaria en Matem\u00e1tica<\/h2>\n\n    <div class=\"btn-container\">\n      <a class=\"btn\" href=\"https:\/\/docs.google.com\/forms\/d\/e\/1FAIpQLSdXEs5gC5kTmjLsokC3kmfdmVqPeI24WYtW0rmi_JjDqLCv3A\/viewform?usp=sf_link\" target=\"_blank\" rel=\"noopener\">&#x1f4e5; Preinscripci\u00f3n<\/a>\n      <a class=\"btn\" href=\"https:\/\/drive.google.com\/file\/d\/1n-c2T2vkW459-6m7Q8PmJenvQ8_-PiEI\/view\" target=\"_blank\" rel=\"noopener\">&#x1f4c4; Resol. 655\/11<\/a>\n      <a class=\"btn\" href=\"https:\/\/drive.google.com\/file\/d\/1PY1r7GUTWv1_cbg-mECO4Lz3molqnu8O\/view\" target=\"_blank\" rel=\"noopener\">&#x1f4c4; Resol. 6872\/23<\/a>\n    <\/div>\n  <\/div>\n\n  <script>\n    let currentIndex = 0;\n    const slide = document.getElementById('carouselSlide');\n    const images = slide.children;\n    const dotsContainer = document.getElementById('dotsContainer');\n\n    function updateCarousel() {\n      slide.style.transform = `translateX(-${currentIndex * 100}%)`;\n      [...dotsContainer.children].forEach((dot, i) => {\n        dot.classList.toggle('active', i === currentIndex);\n      });\n    }\n\n    function moveSlide(direction) {\n      currentIndex = (currentIndex + direction + images.length) % images.length;\n      updateCarousel();\n    }\n\n    function goToSlide(index) {\n      currentIndex = index;\n      updateCarousel();\n    }\n\n    \/\/ Crear los indicadores\n    for (let i = 0; i < images.length; i++) {\n      const dot = document.createElement('span');\n      dot.className = 'dot';\n      dot.onclick = () => goToSlide(i);\n      dotsContainer.appendChild(dot);\n    }\n\n    updateCarousel();\n  <\/script>\n<\/body>\n<\/html>\n","protected":false},"excerpt":{"rendered":"<p>Profesorado de Matem\u00e1tica &#10094; &#10095; Profesorado de Educaci\u00f3n Secundaria en Matem\u00e1tica &#x1f4e5; Preinscripci\u00f3n &#x1f4c4; Resol. 655\/11 &#x1f4c4; Resol. 6872\/23<\/p>\n","protected":false},"author":493,"featured_media":0,"parent":0,"menu_order":0,"comment_status":"closed","ping_status":"closed","template":"","meta":[],"acf":[],"_links":{"self":[{"href":"https:\/\/ies9024-infd.mendoza.edu.ar\/sitio\/wp-json\/wp\/v2\/pages\/3213"}],"collection":[{"href":"https:\/\/ies9024-infd.mendoza.edu.ar\/sitio\/wp-json\/wp\/v2\/pages"}],"about":[{"href":"https:\/\/ies9024-infd.mendoza.edu.ar\/sitio\/wp-json\/wp\/v2\/types\/page"}],"author":[{"embeddable":true,"href":"https:\/\/ies9024-infd.mendoza.edu.ar\/sitio\/wp-json\/wp\/v2\/users\/493"}],"replies":[{"embeddable":true,"href":"https:\/\/ies9024-infd.mendoza.edu.ar\/sitio\/wp-json\/wp\/v2\/comments?post=3213"}],"version-history":[{"count":27,"href":"https:\/\/ies9024-infd.mendoza.edu.ar\/sitio\/wp-json\/wp\/v2\/pages\/3213\/revisions"}],"predecessor-version":[{"id":6799,"href":"https:\/\/ies9024-infd.mendoza.edu.ar\/sitio\/wp-json\/wp\/v2\/pages\/3213\/revisions\/6799"}],"wp:attachment":[{"href":"https:\/\/ies9024-infd.mendoza.edu.ar\/sitio\/wp-json\/wp\/v2\/media?parent=3213"}],"curies":[{"name":"wp","href":"https:\/\/api.w.org\/{rel}","templated":true}]}}