{"id":3273,"date":"2019-12-12T19:11:54","date_gmt":"2019-12-12T22:11:54","guid":{"rendered":"https:\/\/ies9024-mza.infd.edu.ar\/sitio\/?page_id=3273"},"modified":"2020-12-29T16:45:48","modified_gmt":"2020-12-29T19:45:48","slug":"profesorado-de-educacion-secundaria-de-la-modalidad-tecnico-profesional-en-concurrencia-con-el-titulo-de-base","status":"publish","type":"page","link":"https:\/\/ies9024-infd.mendoza.edu.ar\/sitio\/profesorado-de-educacion-secundaria-de-la-modalidad-tecnico-profesional-en-concurrencia-con-el-titulo-de-base\/","title":{"rendered":"Profesorado de Educaci\u00f3n Secundaria de la Modalidad T\u00e9cnico Profesional en Concurrencia con el T\u00edtulo de Base"},"content":{"rendered":"<h3>Descargas<\/h3>\n<p style=\"text-align: center;\">\n<style style=\"text\/css\">.hoverTable{\t\twidth:100%;\t\tborder-collapse:collapse;} .hoverTable td{padding:7px; border:#EDECEA 1px solid;\t} .hoverTable tr{\t\tbackground: #ffffff;                align-items: center;\t} .hoverTable tr:hover {        background-color: #EDECEA;         align-items: center;}<br \/><\/style>\n<\/p>\n<table class=\"hoverTable\">\n<tbody>\n<tr>\n<td style=\"text-align: center;\">Resoluci\u00f3n de la Carrera<\/td>\n<td style=\"width: 256.2px; height: 50px;\" valign=\"top\">\n<p style=\"text-align: center;\"><a href=\"https:\/\/drive.google.com\/file\/d\/1Bu4SmNEPwPsUBrGYqpCVzD58qzNms9bX\/view?usp=sharing\" target=\"_blank\" rel=\"noopener\"><img decoding=\"async\" loading=\"lazy\" class=\"alignnone \" src=\"https:\/\/www.sadhanaintegral.com\/wp-content\/uploads\/2017\/09\/PDF-Logo.png\" width=\"94\" height=\"94\" \/><\/a><\/p>\n<\/td>\n<\/tr>\n<\/tbody>\n<\/table>\n","protected":false},"excerpt":{"rendered":"<p>Descargas Resoluci\u00f3n de la Carrera<\/p>\n","protected":false},"author":493,"featured_media":0,"parent":0,"menu_order":0,"comment_status":"closed","ping_status":"closed","template":"","meta":[],"acf":[],"_links":{"self":[{"href":"https:\/\/ies9024-infd.mendoza.edu.ar\/sitio\/wp-json\/wp\/v2\/pages\/3273"}],"collection":[{"href":"https:\/\/ies9024-infd.mendoza.edu.ar\/sitio\/wp-json\/wp\/v2\/pages"}],"about":[{"href":"https:\/\/ies9024-infd.mendoza.edu.ar\/sitio\/wp-json\/wp\/v2\/types\/page"}],"author":[{"embeddable":true,"href":"https:\/\/ies9024-infd.mendoza.edu.ar\/sitio\/wp-json\/wp\/v2\/users\/493"}],"replies":[{"embeddable":true,"href":"https:\/\/ies9024-infd.mendoza.edu.ar\/sitio\/wp-json\/wp\/v2\/comments?post=3273"}],"version-history":[{"count":12,"href":"https:\/\/ies9024-infd.mendoza.edu.ar\/sitio\/wp-json\/wp\/v2\/pages\/3273\/revisions"}],"predecessor-version":[{"id":3948,"href":"https:\/\/ies9024-infd.mendoza.edu.ar\/sitio\/wp-json\/wp\/v2\/pages\/3273\/revisions\/3948"}],"wp:attachment":[{"href":"https:\/\/ies9024-infd.mendoza.edu.ar\/sitio\/wp-json\/wp\/v2\/media?parent=3273"}],"curies":[{"name":"wp","href":"https:\/\/api.w.org\/{rel}","templated":true}]}}