{"id":3376,"date":"2020-03-19T13:27:50","date_gmt":"2020-03-19T16:27:50","guid":{"rendered":"https:\/\/ies9024-mza.infd.edu.ar\/sitio\/?page_id=3376"},"modified":"2020-03-19T18:26:00","modified_gmt":"2020-03-19T21:26:00","slug":"como-ingresar-a-la-administracion-del-campus-virtual","status":"publish","type":"page","link":"https:\/\/ies9024-infd.mendoza.edu.ar\/sitio\/como-ingresar-a-la-administracion-del-campus-virtual\/","title":{"rendered":"C\u00f3mo ingresar a la Administraci\u00f3n del campus virtual"},"content":{"rendered":"<h2>1 &#8211; Ingreso a la Administraci\u00f3n del Campus<\/h2>\n<ul>\n<li>Para ingresar a la Administraci\u00f3n del campus virtual (back-end) debe realizar un click en el \u00edcono del engranaje\u00a0<img decoding=\"async\" loading=\"lazy\" class=\"alignnone \" src=\"https:\/\/image.freepik.com\/iconos-gratis\/configuracion-equipo-simbolo_318-10116.jpg\" width=\"45\" height=\"45\" \/> que se encuentra en la barra superior.<\/li>\n<li>Realizar un click izquierdo.<\/li>\n<\/ul>\n<p>&nbsp;<\/p>\n<p><img decoding=\"async\" loading=\"lazy\" class=\"size-medium wp-image-3379 aligncenter\" src=\"https:\/\/ies9024-infd.mendoza.edu.ar\/sitio\/wp-content\/uploads\/2020\/03\/11-1000x236.png\" alt=\"\" width=\"1000\" height=\"236\" srcset=\"https:\/\/ies9024-infd.mendoza.edu.ar\/sitio\/wp-content\/uploads\/2020\/03\/11-1000x236.png 1000w, https:\/\/ies9024-infd.mendoza.edu.ar\/sitio\/wp-content\/uploads\/2020\/03\/11-768x181.png 768w, https:\/\/ies9024-infd.mendoza.edu.ar\/sitio\/wp-content\/uploads\/2020\/03\/11.png 1735w\" sizes=\"(max-width: 1000px) 100vw, 1000px\" \/><\/p>\n<p>&nbsp;<\/p>\n<ul>\n<li>Luego ubicar la pesta\u00f1a <strong>Contenidos\u00a0<\/strong>que se encuentra en el conjunto de opciones horizontales.<\/li>\n<li>Realizar un click izquierdo<\/li>\n<\/ul>\n<p>&nbsp;<\/p>\n<p><img decoding=\"async\" loading=\"lazy\" class=\"size-medium wp-image-3378 aligncenter\" src=\"https:\/\/ies9024-infd.mendoza.edu.ar\/sitio\/wp-content\/uploads\/2020\/03\/2-1000x247.png\" alt=\"\" width=\"1000\" height=\"247\" srcset=\"https:\/\/ies9024-infd.mendoza.edu.ar\/sitio\/wp-content\/uploads\/2020\/03\/2-1000x247.png 1000w, https:\/\/ies9024-infd.mendoza.edu.ar\/sitio\/wp-content\/uploads\/2020\/03\/2-768x189.png 768w, https:\/\/ies9024-infd.mendoza.edu.ar\/sitio\/wp-content\/uploads\/2020\/03\/2.png 1743w\" sizes=\"(max-width: 1000px) 100vw, 1000px\" \/><\/p>\n<p>Si desea conocer c\u00f3mo crear, modificar y eliminar contendido en la plataforma Institucional, Realizar un click izquierdo en el enlace que se encuentra a continuaci\u00f3n<\/p>\n<h3 style=\"text-align: center;\"><a href=\"https:\/\/ies9024-infd.mendoza.edu.ar\/aula\/index.cgi?id_curso=88\">Uso de la Plataforma\u00a0<\/a><\/h3>\n<p>&nbsp;<\/p>\n<h2>2 &#8211; Cambiar de carrera para continuar editando.<\/h2>\n<ul>\n<li>Para cambiar de aula, s\u00f3lo debemos ubicar el men\u00fa desplegable que se encuentra en el lado izquierdo del men\u00fa horizontal.<\/li>\n<\/ul>\n<p><img decoding=\"async\" loading=\"lazy\" class=\"size-medium wp-image-3381 aligncenter\" src=\"https:\/\/ies9024-infd.mendoza.edu.ar\/sitio\/wp-content\/uploads\/2020\/03\/3-tutorial-1000x207.png\" alt=\"\" width=\"1000\" height=\"207\" srcset=\"https:\/\/ies9024-infd.mendoza.edu.ar\/sitio\/wp-content\/uploads\/2020\/03\/3-tutorial-1000x207.png 1000w, https:\/\/ies9024-infd.mendoza.edu.ar\/sitio\/wp-content\/uploads\/2020\/03\/3-tutorial-768x159.png 768w, https:\/\/ies9024-infd.mendoza.edu.ar\/sitio\/wp-content\/uploads\/2020\/03\/3-tutorial.png 1886w\" sizes=\"(max-width: 1000px) 100vw, 1000px\" \/><\/p>\n<ul>\n<li>Realizar un click izquierdo para que \u00e9ste despliegue las aulas disponibles a cada usuario.<\/li>\n<\/ul>\n<p>&nbsp;<\/p>\n<p><img decoding=\"async\" loading=\"lazy\" class=\"size-medium wp-image-3382 aligncenter\" src=\"https:\/\/ies9024-infd.mendoza.edu.ar\/sitio\/wp-content\/uploads\/2020\/03\/4-tutorial-1000x231.png\" alt=\"\" width=\"1000\" height=\"231\" srcset=\"https:\/\/ies9024-infd.mendoza.edu.ar\/sitio\/wp-content\/uploads\/2020\/03\/4-tutorial-1000x231.png 1000w, https:\/\/ies9024-infd.mendoza.edu.ar\/sitio\/wp-content\/uploads\/2020\/03\/4-tutorial-768x177.png 768w, https:\/\/ies9024-infd.mendoza.edu.ar\/sitio\/wp-content\/uploads\/2020\/03\/4-tutorial-1900x438.png 1900w, https:\/\/ies9024-infd.mendoza.edu.ar\/sitio\/wp-content\/uploads\/2020\/03\/4-tutorial.png 1911w\" sizes=\"(max-width: 1000px) 100vw, 1000px\" \/><\/p>\n<ul>\n<li>Seleccionar el aula correspondiente.<\/li>\n<\/ul>\n<h2>3 &#8211; Salir de la administraci\u00f3n y Regresar a la vista de Usuario (front-end )<\/h2>\n<ul>\n<li>Para salir de la vista de administrador y retornar a la vista de usuario, s\u00f3lo deben realizar un click izquierdo en el bot\u00f3n <strong>Regresar al aula, <\/strong>ubicado en la parte superior derecha del men\u00fa horizontal.<\/li>\n<\/ul>\n<p><img decoding=\"async\" loading=\"lazy\" class=\"size-medium wp-image-3383 aligncenter\" src=\"https:\/\/ies9024-infd.mendoza.edu.ar\/sitio\/wp-content\/uploads\/2020\/03\/5-tutorial-1000x221.png\" alt=\"\" width=\"1000\" height=\"221\" srcset=\"https:\/\/ies9024-infd.mendoza.edu.ar\/sitio\/wp-content\/uploads\/2020\/03\/5-tutorial-1000x221.png 1000w, https:\/\/ies9024-infd.mendoza.edu.ar\/sitio\/wp-content\/uploads\/2020\/03\/5-tutorial-768x170.png 768w, https:\/\/ies9024-infd.mendoza.edu.ar\/sitio\/wp-content\/uploads\/2020\/03\/5-tutorial.png 1893w\" sizes=\"(max-width: 1000px) 100vw, 1000px\" \/><\/p>\n","protected":false},"excerpt":{"rendered":"<p>1 &#8211; Ingreso a la Administraci\u00f3n del Campus Para ingresar a la Administraci\u00f3n del campus virtual (back-end) debe realizar un click en el \u00edcono del engranaje\u00a0 que se encuentra en la barra superior. Realizar un click izquierdo. &nbsp; &nbsp; Luego ubicar la pesta\u00f1a Contenidos\u00a0que se encuentra en el conjunto de opciones horizontales. Realizar un click &#8230; <a title=\"C\u00f3mo ingresar a la Administraci\u00f3n del campus virtual\" class=\"read-more\" href=\"https:\/\/ies9024-infd.mendoza.edu.ar\/sitio\/como-ingresar-a-la-administracion-del-campus-virtual\/\" aria-label=\"More on C\u00f3mo ingresar a la Administraci\u00f3n del campus virtual\">[+]<\/a><\/p>\n","protected":false},"author":493,"featured_media":0,"parent":0,"menu_order":0,"comment_status":"closed","ping_status":"closed","template":"","meta":[],"acf":[],"_links":{"self":[{"href":"https:\/\/ies9024-infd.mendoza.edu.ar\/sitio\/wp-json\/wp\/v2\/pages\/3376"}],"collection":[{"href":"https:\/\/ies9024-infd.mendoza.edu.ar\/sitio\/wp-json\/wp\/v2\/pages"}],"about":[{"href":"https:\/\/ies9024-infd.mendoza.edu.ar\/sitio\/wp-json\/wp\/v2\/types\/page"}],"author":[{"embeddable":true,"href":"https:\/\/ies9024-infd.mendoza.edu.ar\/sitio\/wp-json\/wp\/v2\/users\/493"}],"replies":[{"embeddable":true,"href":"https:\/\/ies9024-infd.mendoza.edu.ar\/sitio\/wp-json\/wp\/v2\/comments?post=3376"}],"version-history":[{"count":3,"href":"https:\/\/ies9024-infd.mendoza.edu.ar\/sitio\/wp-json\/wp\/v2\/pages\/3376\/revisions"}],"predecessor-version":[{"id":3385,"href":"https:\/\/ies9024-infd.mendoza.edu.ar\/sitio\/wp-json\/wp\/v2\/pages\/3376\/revisions\/3385"}],"wp:attachment":[{"href":"https:\/\/ies9024-infd.mendoza.edu.ar\/sitio\/wp-json\/wp\/v2\/media?parent=3376"}],"curies":[{"name":"wp","href":"https:\/\/api.w.org\/{rel}","templated":true}]}}