{"id":4109,"date":"2022-03-11T18:24:30","date_gmt":"2022-03-11T21:24:30","guid":{"rendered":"https:\/\/ies9024-infd.mendoza.edu.ar\/sitio\/?page_id=4109"},"modified":"2022-03-11T19:20:08","modified_gmt":"2022-03-11T22:20:08","slug":"orden-de-merito-provisorio-2022","status":"publish","type":"page","link":"https:\/\/ies9024-infd.mendoza.edu.ar\/sitio\/orden-de-merito-provisorio-2022\/","title":{"rendered":"Orden de M\u00e9rito Provisorio 2022"},"content":{"rendered":"\n<p class=\"has-text-align-left\"><strong>El IES 9-024 LAVALLE TIENE EL AGRADO DE NOTIFICARLOS E INFORMARLOS DEL ORDEN DE M\u00c9RITO PROVISORIO DEL REGISTRO ANUAL DE ASPIRANTES 2022.<\/strong><\/p>\n\n\n\n<p class=\"has-text-align-left\"><strong>LOS ASPIRANTES CUENTAN CON EL LAPSO DE 72 HS H\u00c1BILES PARA REALIZAR LAS IMPUGNACIONES.&nbsp; VENCIDO EL PLAZO LAS TABULACIONES SER\u00c1N DEFINITIVAS.<\/strong><\/p>\n\n\n\n<p class=\"has-text-align-left\"><strong>ATTE<\/strong>.<\/p>\n\n\n\n<p class=\"has-text-align-center\"><strong><br>Secretaria IES N\u00ba 9-024 \u00abLavalle\u00bbLavalle &#8211; Mendoza<\/strong><\/p>\n\n\n\n<p class=\"has-vivid-red-color has-text-color\" style=\"font-size:23px\">Descargas:<\/p>\n\n\n\n<p><style style=\"text\/css\">.hoverTable{\t\twidth:100%;\t\tborder-collapse:collapse;} .hoverTable td{padding:7px; border:#EDECEA 1px solid;\t} .hoverTable tr{\t\tbackground: #ffffff;                align-items: center;\t} .hoverTable tr:hover {        background-color: #EDECEA;         align-items: center;}<br \/><\/style><\/p>\n<\/style><\/p>\n<table class=\"hoverTable\">\n<tbody>\n<tr style=\"text-align: center;\">\n<td style=\"text-align: center;\">Acta N\u00ba 02\/22 &#8211; Fecha 09 de Marzo &#8211; Lavalle-Mendoza\n<\/td>\n<td style=\"width: 256.2px; height: 50px;\" valign=\"top\"><a href=\"https:\/\/ies9024-infd.mendoza.edu.ar\/sitio\/wp-content\/uploads\/2022\/03\/1-ACTA-02-22-CDIES9024-RAA-2022-ORDEN-PROVISORIO-RAA-2022.pdf\" target=\"_blank\" rel=\"noopener\"><img decoding=\"async\" loading=\"lazy\" class=\"aligncenter\" src=\"https:\/\/www.sadhanaintegral.com\/wp-content\/uploads\/2017\/09\/PDF-Logo.png\" width=\"89\" height=\"90\"><br><\/a><\/td>\n<\/tr>\n<tr style=\"text-align: center;\">\n<td style=\"text-align: center;\">Anexo I &#8211; Documentaci\u00f3n de Aspirantes &#8211; Fecha 09 de Marzo &#8211; Lavalle-Mendoza\n<\/td>\n<td style=\"width: 256.2px; height: 50px;\" valign=\"top\"><a href=\"https:\/\/ies9024-infd.mendoza.edu.ar\/sitio\/wp-content\/uploads\/2022\/03\/2-ACTA-02-22-CDIES9024-ANEXO-I-DOC-DE-ASPIRANTES-AL-RAA-2022.pdf\" target=\"_blank\" rel=\"noopener\"><img decoding=\"async\" loading=\"lazy\" class=\"aligncenter\" src=\"https:\/\/www.sadhanaintegral.com\/wp-content\/uploads\/2017\/09\/PDF-Logo.png\" width=\"89\" height=\"90\"><br><\/a><\/td>\n<\/tr>\n<tr style=\"text-align: center;\">\n<td style=\"text-align: center;\">Anexo II &#8211; Orden de m\u00e9rito provisorio 2022 &#8211; Fecha 09 de Marzo &#8211; Lavalle-Mendoza\n<p>&nbsp;<\/p>\n<\/td>\n<td style=\"width: 256.2px; height: 50px;\" valign=\"top\"><a href=\"https:\/\/ies9024-infd.mendoza.edu.ar\/sitio\/wp-content\/uploads\/2022\/03\/3-ACTA-02-22-CDIES9024-ANEXO-II-ORDEN-DE-MERITO-PROVISORIO.pdf\" target=\"_blank\" rel=\"noopener\"><img decoding=\"async\" loading=\"lazy\" class=\"aligncenter\" src=\"https:\/\/www.sadhanaintegral.com\/wp-content\/uploads\/2017\/09\/PDF-Logo.png\" width=\"89\" height=\"90\"><br><\/a><\/td>\n<\/tr>\n<\/tbody>\n<\/table>\n<p>&nbsp;<\/p>\n<p><a href=\"https:\/\/ies9024-infd.mendoza.edu.ar\/sitio\/actas-ies-9-024\/\"><img decoding=\"async\" loading=\"lazy\" class=\"alignnone size-full wp-image-3134\" src=\"https:\/\/ies9024-infd.mendoza.edu.ar\/sitio\/wp-content\/uploads\/2019\/08\/boton-volver.png\" alt=\"\" width=\"118\" height=\"49\"><\/a><\/p>\n","protected":false},"excerpt":{"rendered":"<p>El IES 9-024 LAVALLE TIENE EL AGRADO DE NOTIFICARLOS E INFORMARLOS DEL ORDEN DE M\u00c9RITO PROVISORIO DEL REGISTRO ANUAL DE ASPIRANTES 2022. LOS ASPIRANTES CUENTAN CON EL LAPSO DE 72 HS H\u00c1BILES PARA REALIZAR LAS IMPUGNACIONES.&nbsp; VENCIDO EL PLAZO LAS TABULACIONES SER\u00c1N DEFINITIVAS. ATTE. Secretaria IES N\u00ba 9-024 \u00abLavalle\u00bbLavalle &#8211; Mendoza Descargas: Acta N\u00ba 02\/22 &#8230; <a title=\"Orden de M\u00e9rito Provisorio 2022\" class=\"read-more\" href=\"https:\/\/ies9024-infd.mendoza.edu.ar\/sitio\/orden-de-merito-provisorio-2022\/\" aria-label=\"More on Orden de M\u00e9rito Provisorio 2022\">[+]<\/a><\/p>\n","protected":false},"author":493,"featured_media":0,"parent":0,"menu_order":0,"comment_status":"closed","ping_status":"closed","template":"","meta":[],"acf":[],"_links":{"self":[{"href":"https:\/\/ies9024-infd.mendoza.edu.ar\/sitio\/wp-json\/wp\/v2\/pages\/4109"}],"collection":[{"href":"https:\/\/ies9024-infd.mendoza.edu.ar\/sitio\/wp-json\/wp\/v2\/pages"}],"about":[{"href":"https:\/\/ies9024-infd.mendoza.edu.ar\/sitio\/wp-json\/wp\/v2\/types\/page"}],"author":[{"embeddable":true,"href":"https:\/\/ies9024-infd.mendoza.edu.ar\/sitio\/wp-json\/wp\/v2\/users\/493"}],"replies":[{"embeddable":true,"href":"https:\/\/ies9024-infd.mendoza.edu.ar\/sitio\/wp-json\/wp\/v2\/comments?post=4109"}],"version-history":[{"count":7,"href":"https:\/\/ies9024-infd.mendoza.edu.ar\/sitio\/wp-json\/wp\/v2\/pages\/4109\/revisions"}],"predecessor-version":[{"id":4294,"href":"https:\/\/ies9024-infd.mendoza.edu.ar\/sitio\/wp-json\/wp\/v2\/pages\/4109\/revisions\/4294"}],"wp:attachment":[{"href":"https:\/\/ies9024-infd.mendoza.edu.ar\/sitio\/wp-json\/wp\/v2\/media?parent=4109"}],"curies":[{"name":"wp","href":"https:\/\/api.w.org\/{rel}","templated":true}]}}