{"id":4145,"date":"2022-03-17T20:48:31","date_gmt":"2022-03-17T23:48:31","guid":{"rendered":"https:\/\/ies9024-infd.mendoza.edu.ar\/sitio\/?page_id=4145"},"modified":"2023-08-02T10:42:25","modified_gmt":"2023-08-02T13:42:25","slug":"proyecto-de-radio-socioeducativa","status":"publish","type":"page","link":"https:\/\/ies9024-infd.mendoza.edu.ar\/sitio\/proyecto-de-radio-socioeducativa\/","title":{"rendered":"Proyecto Institucional de Radio Socioeducativa"},"content":{"rendered":"\n<p><strong>Fundamentaci\u00f3n<\/strong><\/p>\n\n\n\n<p>Los diferentes programas de la FM&nbsp; 90.3&nbsp; son parte integral de la&nbsp; propuesta formativa del IES 9-024 \u201cLAVALLE\u201d ,&nbsp; que busca, a partir de las posibilidades pedag\u00f3gicas y beneficios que produce en la formaci\u00f3n de los estudiantes, promover la utilizaci\u00f3n de los elementos del lenguaje radiof\u00f3nico: La palabra hablada, los sonidos, la m\u00fasica y los silencios como nuevas gram\u00e1ticas y l\u00f3gicas que dinamicen los procesos de aprendizaje.<\/p>\n\n\n\n<p>Adem\u00e1s, la radio del&nbsp; Instituto de Educaci\u00f3n Superior 9-024 \u201cLAVALLE procura ser el canal a trav\u00e9s del cual, y en los diversos roles que promueve la pr\u00e1ctica radial, se aplique el derecho a la palabra con una comunicaci\u00f3n realizada desde una \u00e9tica pol\u00edtica determinada en donde lo democr\u00e1tico, lo local y nacional, la inclusi\u00f3n, la protecci\u00f3n y la ampliaci\u00f3n derechos son ejes vertebradores. Comunicaci\u00f3n en donde se le otorgue la palabra a los y las estudiantes y diferentes miembros de la comunidad . En donde la informaci\u00f3n cuente con un tratamiento basado en la investigaci\u00f3n s\u00f3lida y responsable.<\/p>\n\n\n\n<p>En donde la comunidad toda se sienta parte, en donde los saberes brindados en la formaci\u00f3n docente y t\u00e9cnica sean difundidos desde sus principales actores: estudiantes y docentes&#8230;<\/p>\n\n\n\n<p><strong>Objetivos &nbsp;Generales<\/strong><\/p>\n\n\n\n<p>En el marco de los derechos consagrados en la ley de Servicios de Comunicaci\u00f3n Audiovisual 26522, el Ministerio de Educaci\u00f3n de la Naci\u00f3n, a trav\u00e9s del INFD impuls\u00f3 la construcci\u00f3n de una red de medios radiof\u00f3nicos en Institutos de Formaci\u00f3n Docente cuyos objetivos generales pueden sintetizarse bajo las siguientes consignas:<\/p>\n\n\n\n<ul>\n<li>Generar una red de medios que posibilite el despliegue de una estrategia integral<\/li>\n<\/ul>\n\n\n\n<p>de comunicaci\u00f3n institucional para el nivel de la Educaci\u00f3n Superior.<\/p>\n\n\n\n<ul>\n<li>Poner en marcha radios socioeducativas que fortalezcan la necesaria integraci\u00f3n<\/li>\n<\/ul>\n\n\n\n<p>entre proceso formativo y desarrollo profesional, desde un registro que aporte al<\/p>\n\n\n\n<p>mejoramiento de las condiciones comunitarias y sociales.<\/p>\n\n\n\n<p><strong>Consecuentemente, en la grilla de la radio enconctrar\u00e1n los siguientes programas:<\/strong><\/p>\n\n\n\n<figure class=\"wp-block-table\"><table><tbody><tr><td><strong>PROGRAMA<\/strong><\/td><td><strong>D\u00cdA\/HORARIO<\/strong><\/td><td>                                                                <strong>DESCRIPCI\u00d3N GENERAL<\/strong><\/td><\/tr><tr><td>Conozcamos Lavalle<\/td><td>Martes <br>12:00 a 13:00<\/td><td>Lavalle, nuestro amado departamento, presenta diferentes espacios y lugares m\u00e1gicos que no debemos dejar de conocer, por ello, junto a Viviana Argentini y Giovani Vasquez, podr\u00e1n enterarse de las diferentes din\u00e1micas que presenta en torno a lo tur\u00edstico. En este programa. Adem\u00e1s de contar con invitados referentes en el tema, cuenta con la participaci\u00f3n de estudiantes de la Tecnicatura Superior en Turismo y Hoteler\u00eda.<\/td><\/tr><tr><td>Sapinchikmanta<\/td><td>Martes 14:00 a 15:00<\/td><td>El Profesor Franco Barientos junto al operador Giovani Vasquez ofrecen este maravilloso programa que\u00a0 pretende revalorizar la cultura del hermano pa\u00eds Bolivia y conocer el origen del lenguaje Quechua, compartirlo con ustedes, los oyentes , transmitiendo diversas historias e informaci\u00f3n a fin de originar el respeto y la revalorizaci\u00f3n de esta lengua. Arte. cultura, literatura, pol\u00edtica, econom\u00eda, derecho todos estos temas se desarrollan en Sapinchikmanta.<\/td><\/tr><tr><td>El arte de las musas<\/td><td>Martes 15.30 &nbsp;<\/td><td>Espacio radial conducido por el profesor Mauro Ferrer, dedicado a la difusi\u00f3n de la m\u00fasica latinoamericana, con un acento en la promoci\u00f3n de la m\u00fasica regional y local. En los controles de operaci\u00f3n se encuentra Giovani V\u00e1squez.<\/td><\/tr><tr><td>Mir\u00e1 vos lo que es la Ciencia<\/td><td>Martes 17:00 a 18:00<\/td><td>Programa realizado por Mauro Ferrer y operado por Ariadna Baigorria. En este programa podremos aprender todo sobre las Curiosidades Cientificas que ocurren a nuestro alrrededor y podremos aprender sobre los cuidados del Medio Ambiente pra Nustro Planeta.<\/td><\/tr><tr><td>Enolog\u00eda e Industria de los Alimentos<\/td><td>\u00a0Mi\u00e9rcoles 15:00 a 16:00<\/td><td>La t\u00e9cnica Liliana Acosta junto a Carla Alessandra y en la Operacion de Adridna Baigorria, nos presenta esta propuesta maravillosa y necesaria para poder adentrarnos en los diferentes temas que ata\u00f1en a la producci\u00f3n local de la enolog\u00eda e industria de los alimentos. En este programa, adem\u00e1s, los estudiantes de la Tecnicatura Superior en Enolog\u00eda e Industria de los alimentos nos comparten contenidos y saberes aprendidos en el interior de los espacios curriculares, sobre todo de las pr\u00e1cticas en donde ellos mismos elaboran conservas de todo tipo, vinos caseros, salsas con tomates que los estudiantes de Recursos H\u00eddricos han sembrado y cosechado. Un trabajo magnifico que comparten en este espacio radial sin desperdicio.<\/td><\/tr><tr><td>Pol\u00edticas Estudiantiles<\/td><td>Mi\u00e9rcoles 16:30 a 17:30<\/td><td>De la mano de las profesoras Denmani y Carina Falc\u00f3n podr\u00e1n escuchar Pol\u00edticas Estudiantiles, un programa con perspectiva de g\u00e9nero en donde se abordan los derechos de todos y todas, enfoc\u00e1ndose en las necesidades estudiantiles de la actualidad. Este programa suele presentar importantes referentes en tema de derechos humanos, es un placer escucharlos y por ello los invitamos a sumarse a esta propuesta. Adem\u00e1s, estudiantes de diferentes carreras realizan sus participaciones en las ediciones. Quedan invitados e invitadas a escucharlo.<\/td><\/tr><tr><td>Y la secundaria \u00bfC\u00f3mo est\u00e1?<\/td><td>Jueves 13:30 a 14:30<\/td><td>Programa de emisi\u00f3n semanal transmitido a trav\u00e9s de FM Aires Lavallinos todos los jueves a partir de las 13:30.<br>Leandro Spigarolo nos traen todas las novedades del nivel secundario. Informaci\u00f3n referida a docentes, alumnos, no docentes y comunidad en general de este nivel educativo. En los controles de operaci\u00f3n los acompa\u00f1a Giovani V\u00e1squez<br>El IES 9-024 ofrece 3 profesorados (Lengua y Literatura, Matem\u00e1tica y Educaci\u00f3n Especial) y es en este espacio radial en donde suelen participar los y las estudiantes y se suman diferentes miembros de las comunidades educativas para presentarnos todo tipo de tem\u00e1tica en torno a la educaci\u00f3n y sus dimensiones.<\/td><\/tr><tr><td>El Dia Menos Pensado<\/td><td>Jueves 18:00 a 19:00<\/td><td>Las Especialistas y Profesoras Johana Fuerte y Soledad Alvares Junto a Javier Sanches en los controles. Atraves de la Literaturo, Nos Comparten un undo lleno de Aventuras y Conocimieneto, con las distintas obras Literarias y Autoresn tanto locales como Internacionales.<\/td><\/tr><tr><td>Por si las Mosk<\/td><td>Jueves 21:30 a 22:30<\/td><td>Magazine semanal con noticias de tem\u00e1ticas variadas, principalmente relacionadas al Departamento de Lavalle.<br>Javier S\u00e1nchez produce y conduce \u00e9ste espacio que nos acompa\u00f1a para finalizar la semana informados y disfrutando de buena m\u00fasica.<\/td><\/tr><tr><td>Feria Mensual IES-CEIL<\/td><td>Viernes 16:00 a 17:00\u00a0<\/td><td>Programa Radial enfocado en la difusi\u00f3n de la Feria Mensual de Artesanos y Emprendedor del IES 9024 LAVALLE, conducido por la Profesora Maria Navarra y en la operacion Adriadna Baigorria. En este programa, donde se comparte todo lo referido a los artesanos y emprendedores y las diferentes formas de hacer arte a partir de profundizar en tem\u00e1ticas como el origen de los emprendimientos y todo lo que implica la hermosa labor de emprender y crear. Por supuesto que aqu\u00ed tambi\u00e9n participan referentes locales de la econom\u00eda social y los estudiantes de la Tecnicatura Superior en Administraci\u00f3n de Empresas.<\/td><\/tr><\/tbody><\/table><\/figure>\n\n\n\n<p><strong>Referente &nbsp;del proyecto:<\/strong><\/p>\n\n\n\n<p>Lic. Prof Johanna Fuerte<\/p>\n\n\n\n<p><strong>Contacto:<\/strong> <\/p>\n","protected":false},"excerpt":{"rendered":"<p>Fundamentaci\u00f3n Los diferentes programas de la FM&nbsp; 90.3&nbsp; son parte integral de la&nbsp; propuesta formativa del IES 9-024 \u201cLAVALLE\u201d ,&nbsp; que busca, a partir de las posibilidades pedag\u00f3gicas y beneficios que produce en la formaci\u00f3n de los estudiantes, promover la utilizaci\u00f3n de los elementos del lenguaje radiof\u00f3nico: La palabra hablada, los sonidos, la m\u00fasica y &#8230; <a title=\"Proyecto Institucional de Radio Socioeducativa\" class=\"read-more\" href=\"https:\/\/ies9024-infd.mendoza.edu.ar\/sitio\/proyecto-de-radio-socioeducativa\/\" aria-label=\"More on Proyecto Institucional de Radio Socioeducativa\">[+]<\/a><\/p>\n","protected":false},"author":493,"featured_media":0,"parent":0,"menu_order":0,"comment_status":"open","ping_status":"closed","template":"","meta":[],"acf":[],"_links":{"self":[{"href":"https:\/\/ies9024-infd.mendoza.edu.ar\/sitio\/wp-json\/wp\/v2\/pages\/4145"}],"collection":[{"href":"https:\/\/ies9024-infd.mendoza.edu.ar\/sitio\/wp-json\/wp\/v2\/pages"}],"about":[{"href":"https:\/\/ies9024-infd.mendoza.edu.ar\/sitio\/wp-json\/wp\/v2\/types\/page"}],"author":[{"embeddable":true,"href":"https:\/\/ies9024-infd.mendoza.edu.ar\/sitio\/wp-json\/wp\/v2\/users\/493"}],"replies":[{"embeddable":true,"href":"https:\/\/ies9024-infd.mendoza.edu.ar\/sitio\/wp-json\/wp\/v2\/comments?post=4145"}],"version-history":[{"count":7,"href":"https:\/\/ies9024-infd.mendoza.edu.ar\/sitio\/wp-json\/wp\/v2\/pages\/4145\/revisions"}],"predecessor-version":[{"id":4877,"href":"https:\/\/ies9024-infd.mendoza.edu.ar\/sitio\/wp-json\/wp\/v2\/pages\/4145\/revisions\/4877"}],"wp:attachment":[{"href":"https:\/\/ies9024-infd.mendoza.edu.ar\/sitio\/wp-json\/wp\/v2\/media?parent=4145"}],"curies":[{"name":"wp","href":"https:\/\/api.w.org\/{rel}","templated":true}]}}