{"id":4151,"date":"2022-03-18T19:43:29","date_gmt":"2022-03-18T22:43:29","guid":{"rendered":"https:\/\/ies9024-infd.mendoza.edu.ar\/sitio\/?page_id=4151"},"modified":"2023-02-08T09:52:36","modified_gmt":"2023-02-08T12:52:36","slug":"proyecto-de-feria-mensual-ies-ceil","status":"publish","type":"page","link":"https:\/\/ies9024-infd.mendoza.edu.ar\/sitio\/proyecto-de-feria-mensual-ies-ceil\/","title":{"rendered":"Proyecto de Feria Mensual IES-CEIL"},"content":{"rendered":"\n<p>Desde el a\u00f1o 2009 se cre\u00f3 este espacio donde los\/as artesanos\/as y emprendedores de Lavalle concurren a vender sus artesan\u00edas y productos. Esto fomenta la econom\u00eda social, la red socio-comunitaria y el desarrollo local en sus diferentes expresiones.<\/p>\n\n\n\n<p>Adem\u00e1s, estudiantes y docentes del IES 9-024 \u201cLAVALLE\u201d y escuelas asociadas, principalmente CENS, CCT y CEBJA, participan con la oferta educativa y realizan diversas propuestas productivas, educativas y art\u00edsticas (dentro del marco de la formaci\u00f3n inicial) que les permiten poner en juego sus saberes y desarrollar diferentes habilidades en relaci\u00f3n con el saber, saber ser y saber hacer.<\/p>\n\n\n\n<p>Se suma a la propuesta la FM 90.3 Aires Lavallinos y diferentes artistas que presentan su canto, danza o diversas expresiones.<\/p>\n\n\n\n<p>El calendario anual de este 2022 es el siguiente:<\/p>\n\n\n<div class=\"wp-block-image\">\n<figure class=\"aligncenter size-large\"><img decoding=\"async\" loading=\"lazy\" width=\"653\" height=\"923\" src=\"https:\/\/ies9024-infd.mendoza.edu.ar\/sitio\/wp-content\/uploads\/2022\/03\/feria-1.jpg\" alt=\"\" class=\"wp-image-4153\"\/><\/figure><\/div>\n\n\n<p><\/p>\n\n\n\n<p>Tambi\u00e9n, cuenta con una propuesta virtual, que se encuentra en el siguiente enlace: <a href=\"https:\/\/www.facebook.com\/feriamensualiesceil\">https:\/\/www.facebook.com\/feriamensualiesceil<\/a><\/p>\n\n\n\n<p>Y todos los viernes de 18:30 a 19:30, sale el programa en vivo y en directo.<\/p>\n\n\n\n<p><strong>Lugar de realizaci\u00f3n:<\/strong> Dr Moreno y Fleming<\/p>\n\n\n\n<p><strong>Horario:<\/strong> a partir de las 16:30<\/p>\n\n\n\n<p><strong>Informes a: <\/strong><a href=\"mailto:feriasmensuales9024@gmail.com\" target=\"_blank\" rel=\"noreferrer noopener\">feriasmensuales9024@gmail.com<\/a> &nbsp;<\/p>\n\n\n\n<p>Coordinaci\u00f3n del proyecto a cargo de <\/p>\n","protected":false},"excerpt":{"rendered":"<p>Desde el a\u00f1o 2009 se cre\u00f3 este espacio donde los\/as artesanos\/as y emprendedores de Lavalle concurren a vender sus artesan\u00edas y productos. Esto fomenta la econom\u00eda social, la red socio-comunitaria y el desarrollo local en sus diferentes expresiones. Adem\u00e1s, estudiantes y docentes del IES 9-024 \u201cLAVALLE\u201d y escuelas asociadas, principalmente CENS, CCT y CEBJA, participan &#8230; <a title=\"Proyecto de Feria Mensual IES-CEIL\" class=\"read-more\" href=\"https:\/\/ies9024-infd.mendoza.edu.ar\/sitio\/proyecto-de-feria-mensual-ies-ceil\/\" aria-label=\"More on Proyecto de Feria Mensual IES-CEIL\">[+]<\/a><\/p>\n","protected":false},"author":493,"featured_media":0,"parent":0,"menu_order":0,"comment_status":"closed","ping_status":"closed","template":"","meta":[],"acf":[],"_links":{"self":[{"href":"https:\/\/ies9024-infd.mendoza.edu.ar\/sitio\/wp-json\/wp\/v2\/pages\/4151"}],"collection":[{"href":"https:\/\/ies9024-infd.mendoza.edu.ar\/sitio\/wp-json\/wp\/v2\/pages"}],"about":[{"href":"https:\/\/ies9024-infd.mendoza.edu.ar\/sitio\/wp-json\/wp\/v2\/types\/page"}],"author":[{"embeddable":true,"href":"https:\/\/ies9024-infd.mendoza.edu.ar\/sitio\/wp-json\/wp\/v2\/users\/493"}],"replies":[{"embeddable":true,"href":"https:\/\/ies9024-infd.mendoza.edu.ar\/sitio\/wp-json\/wp\/v2\/comments?post=4151"}],"version-history":[{"count":2,"href":"https:\/\/ies9024-infd.mendoza.edu.ar\/sitio\/wp-json\/wp\/v2\/pages\/4151\/revisions"}],"predecessor-version":[{"id":4642,"href":"https:\/\/ies9024-infd.mendoza.edu.ar\/sitio\/wp-json\/wp\/v2\/pages\/4151\/revisions\/4642"}],"wp:attachment":[{"href":"https:\/\/ies9024-infd.mendoza.edu.ar\/sitio\/wp-json\/wp\/v2\/media?parent=4151"}],"curies":[{"name":"wp","href":"https:\/\/api.w.org\/{rel}","templated":true}]}}