{"id":4445,"date":"2022-06-29T16:08:09","date_gmt":"2022-06-29T19:08:09","guid":{"rendered":"https:\/\/ies9024-infd.mendoza.edu.ar\/sitio\/?page_id=4445"},"modified":"2022-06-29T16:18:29","modified_gmt":"2022-06-29T19:18:29","slug":"expo-educativa-mendoza","status":"publish","type":"page","link":"https:\/\/ies9024-infd.mendoza.edu.ar\/sitio\/expo-educativa-mendoza\/","title":{"rendered":"Expo Educativa Mendoza"},"content":{"rendered":"\n<p>El IES 9-024, LAVALLE estar\u00e1 presente en la Expo Educativa de la provincia.<br><br>Fabiana Demani y Carla Alessandra (CIPES institucionales) estar\u00e1n respondiendo todas tus dudas y consultas en los siguiente d\u00edas y horarios:<br><\/p>\n\n\n\n<p><strong>Martes 28 de junio: de 15:00 a 17: 00 hs.<br>Mi\u00e9rcoles 29 de junio: de 10:00 a 12:00 hs.<br>Viernes 01 de julio: de 13:00 a 15:00 hs.<\/strong><\/p>\n\n\n\n<p>Si quer\u00e9s informarte sobre las carreras que tenemos para ofrecerte, pod\u00e9s acceder al siguiente enlace:<\/p>\n\n\n\n<div class=\"wp-block-image\"><figure class=\"aligncenter size-large is-resized\"><a href=\"https:\/\/meet.google.com\/cwo-dcqy-sin\" target=\"_blank\" rel=\"noopener\"><img decoding=\"async\" loading=\"lazy\" src=\"https:\/\/ies9024-infd.mendoza.edu.ar\/sitio\/wp-content\/uploads\/2022\/06\/reunion-link.png\" alt=\"\" class=\"wp-image-4448\" width=\"409\" height=\"63\"\/><\/a><\/figure><\/div>\n\n\n\n<p><\/p>\n\n\n\n<p>\u00a1No te pierdas esta excelente oportunidad para proyectar tu futuro!<br>\u00a1Te esperamos!<\/p>\n","protected":false},"excerpt":{"rendered":"<p>El IES 9-024, LAVALLE estar\u00e1 presente en la Expo Educativa de la provincia. Fabiana Demani y Carla Alessandra (CIPES institucionales) estar\u00e1n respondiendo todas tus dudas y consultas en los siguiente d\u00edas y horarios: Martes 28 de junio: de 15:00 a 17: 00 hs.Mi\u00e9rcoles 29 de junio: de 10:00 a 12:00 hs.Viernes 01 de julio: de &#8230; <a title=\"Expo Educativa Mendoza\" class=\"read-more\" href=\"https:\/\/ies9024-infd.mendoza.edu.ar\/sitio\/expo-educativa-mendoza\/\" aria-label=\"More on Expo Educativa Mendoza\">[+]<\/a><\/p>\n","protected":false},"author":493,"featured_media":0,"parent":0,"menu_order":0,"comment_status":"closed","ping_status":"closed","template":"","meta":[],"acf":[],"_links":{"self":[{"href":"https:\/\/ies9024-infd.mendoza.edu.ar\/sitio\/wp-json\/wp\/v2\/pages\/4445"}],"collection":[{"href":"https:\/\/ies9024-infd.mendoza.edu.ar\/sitio\/wp-json\/wp\/v2\/pages"}],"about":[{"href":"https:\/\/ies9024-infd.mendoza.edu.ar\/sitio\/wp-json\/wp\/v2\/types\/page"}],"author":[{"embeddable":true,"href":"https:\/\/ies9024-infd.mendoza.edu.ar\/sitio\/wp-json\/wp\/v2\/users\/493"}],"replies":[{"embeddable":true,"href":"https:\/\/ies9024-infd.mendoza.edu.ar\/sitio\/wp-json\/wp\/v2\/comments?post=4445"}],"version-history":[{"count":2,"href":"https:\/\/ies9024-infd.mendoza.edu.ar\/sitio\/wp-json\/wp\/v2\/pages\/4445\/revisions"}],"predecessor-version":[{"id":4450,"href":"https:\/\/ies9024-infd.mendoza.edu.ar\/sitio\/wp-json\/wp\/v2\/pages\/4445\/revisions\/4450"}],"wp:attachment":[{"href":"https:\/\/ies9024-infd.mendoza.edu.ar\/sitio\/wp-json\/wp\/v2\/media?parent=4445"}],"curies":[{"name":"wp","href":"https:\/\/api.w.org\/{rel}","templated":true}]}}