{"id":5896,"date":"2024-08-29T14:31:54","date_gmt":"2024-08-29T17:31:54","guid":{"rendered":"https:\/\/ies9024-infd.mendoza.edu.ar\/sitio\/?page_id=5896"},"modified":"2024-09-06T16:41:54","modified_gmt":"2024-09-06T19:41:54","slug":"13-congreso-de-educacion-integral-alfabetizacion-y-literatura-la-dimension-afectiva-de-los-procesos-de-ensenanza-y-aprendizaje-inteligencia-artificial-analisis-de-algunas-relaciones-con-la","status":"publish","type":"page","link":"https:\/\/ies9024-infd.mendoza.edu.ar\/sitio\/13-congreso-de-educacion-integral-alfabetizacion-y-literatura-la-dimension-afectiva-de-los-procesos-de-ensenanza-y-aprendizaje-inteligencia-artificial-analisis-de-algunas-relaciones-con-la\/","title":{"rendered":"13\u00b0 Congreso de educaci\u00f3n integral, alfabetizaci\u00f3n y literatura: \u00abLa dimensi\u00f3n afectiva de los procesos de ense\u00f1anza y aprendizaje &#8211; Inteligencia artificial an\u00e1lisis de algunas relaciones con la escolarizaci\u00f3n\u00bb"},"content":{"rendered":"\n<p class=\"has-base-3-color has-text-color has-background\" style=\"background:linear-gradient(90deg,rgba(6,147,227,1) 0%,rgb(155,81,224) 100%);font-size:21px\"><strong>Puntaje Docente<\/strong><\/p>\n\n\n\n<div class=\"wp-block-columns alignwide are-vertically-aligned-center is-layout-flex wp-container-2\">\n<div class=\"wp-block-column is-vertically-aligned-center is-layout-flow\" style=\"flex-basis:100%\">\n<figure class=\"wp-block-image aligncenter size-full is-resized is-style-default\"><iframe loading=\"lazy\" src=\"https:\/\/drive.google.com\/file\/d\/1YHcWOG99Ne5z85c1kVH-2xu1D2L3OjSr\/preview\" width=\"640\" height=\"480\" allow=\"autoplay\"><\/iframe>\n<\/div>\n<\/div>\n\n\n\n<p class=\"has-base-3-color has-vivid-cyan-blue-to-vivid-purple-gradient-background has-text-color has-background has-medium-font-size\"><strong>Costo del Evento<\/strong><\/p>\n\n\n<div class=\"wp-block-image is-style-default\">\n<figure class=\"aligncenter size-full is-resized\"><img decoding=\"async\" loading=\"lazy\" src=\"https:\/\/ies9024-infd.mendoza.edu.ar\/sitio\/wp-content\/uploads\/2024\/08\/Costo-del-Evento-1.png\" alt=\"\" class=\"wp-image-5917\" width=\"651\" height=\"247\"\/><\/figure><\/div>\n\n\n<p class=\"has-base-3-color has-vivid-cyan-blue-to-vivid-purple-gradient-background has-text-color has-background has-medium-font-size\"><strong>Cronograma<\/strong><\/p>\n\n\n\n<div class=\"wp-block-columns alignwide is-layout-flex wp-container-6\">\n<div class=\"wp-block-column is-layout-flow\">\n<figure class=\"wp-block-image size-full\"><img decoding=\"async\" loading=\"lazy\" width=\"720\" height=\"1280\" src=\"https:\/\/ies9024-infd.mendoza.edu.ar\/sitio\/wp-content\/uploads\/2024\/08\/Diapositiva1.jpg\" alt=\"\" class=\"wp-image-5949\" srcset=\"https:\/\/ies9024-infd.mendoza.edu.ar\/sitio\/wp-content\/uploads\/2024\/08\/Diapositiva1.jpg 720w, https:\/\/ies9024-infd.mendoza.edu.ar\/sitio\/wp-content\/uploads\/2024\/08\/Diapositiva1-563x1000.jpg 563w\" sizes=\"(max-width: 720px) 100vw, 720px\" \/><\/figure>\n<\/div>\n\n\n\n<div class=\"wp-block-column is-layout-flow\">\n<figure class=\"wp-block-image size-full\"><img decoding=\"async\" loading=\"lazy\" width=\"720\" height=\"1280\" src=\"https:\/\/ies9024-infd.mendoza.edu.ar\/sitio\/wp-content\/uploads\/2024\/08\/Diapositiva2.jpg\" alt=\"\" class=\"wp-image-5950\" srcset=\"https:\/\/ies9024-infd.mendoza.edu.ar\/sitio\/wp-content\/uploads\/2024\/08\/Diapositiva2.jpg 720w, https:\/\/ies9024-infd.mendoza.edu.ar\/sitio\/wp-content\/uploads\/2024\/08\/Diapositiva2-563x1000.jpg 563w\" sizes=\"(max-width: 720px) 100vw, 720px\" \/><\/figure>\n<\/div>\n\n\n\n<div class=\"wp-block-column is-layout-flow\">\n<figure class=\"wp-block-image size-full\"><img decoding=\"async\" loading=\"lazy\" width=\"720\" height=\"1280\" src=\"https:\/\/ies9024-infd.mendoza.edu.ar\/sitio\/wp-content\/uploads\/2024\/08\/Diapositiva3.jpg\" alt=\"\" class=\"wp-image-5951\" srcset=\"https:\/\/ies9024-infd.mendoza.edu.ar\/sitio\/wp-content\/uploads\/2024\/08\/Diapositiva3.jpg 720w, https:\/\/ies9024-infd.mendoza.edu.ar\/sitio\/wp-content\/uploads\/2024\/08\/Diapositiva3-563x1000.jpg 563w\" sizes=\"(max-width: 720px) 100vw, 720px\" \/><\/figure>\n<\/div>\n<\/div>\n\n\n\n<div class=\"wp-block-columns is-layout-flex wp-container-9\">\n<div class=\"wp-block-column is-layout-flow\">\n<figure class=\"wp-block-image size-full\"><img decoding=\"async\" loading=\"lazy\" width=\"720\" height=\"1280\" src=\"https:\/\/ies9024-infd.mendoza.edu.ar\/sitio\/wp-content\/uploads\/2024\/09\/Diapositiva4.jpg\" alt=\"\" class=\"wp-image-5964\" srcset=\"https:\/\/ies9024-infd.mendoza.edu.ar\/sitio\/wp-content\/uploads\/2024\/09\/Diapositiva4.jpg 720w, https:\/\/ies9024-infd.mendoza.edu.ar\/sitio\/wp-content\/uploads\/2024\/09\/Diapositiva4-563x1000.jpg 563w\" sizes=\"(max-width: 720px) 100vw, 720px\" \/><\/figure>\n<\/div>\n\n\n\n<div class=\"wp-block-column is-layout-flow\">\n<figure class=\"wp-block-image size-full\"><img decoding=\"async\" loading=\"lazy\" width=\"720\" height=\"1280\" src=\"https:\/\/ies9024-infd.mendoza.edu.ar\/sitio\/wp-content\/uploads\/2024\/09\/Diapositiva5.jpg\" alt=\"\" class=\"wp-image-5965\" srcset=\"https:\/\/ies9024-infd.mendoza.edu.ar\/sitio\/wp-content\/uploads\/2024\/09\/Diapositiva5.jpg 720w, https:\/\/ies9024-infd.mendoza.edu.ar\/sitio\/wp-content\/uploads\/2024\/09\/Diapositiva5-563x1000.jpg 563w\" sizes=\"(max-width: 720px) 100vw, 720px\" \/><\/figure>\n<\/div>\n<\/div>\n\n\n\n<p class=\"has-base-3-color has-vivid-cyan-blue-to-vivid-purple-gradient-background has-text-color has-background has-medium-font-size\"><strong>Modalidad del Evento<\/strong>: <strong>PRESENCIAL O VIRTUAL<\/strong> <\/p>\n\n\n\n<div class=\"wp-block-media-text alignwide is-stacked-on-mobile\" style=\"grid-template-columns:21% auto\"><figure class=\"wp-block-media-text__media\"><video controls src=\"https:\/\/ies9024-infd.mendoza.edu.ar\/sitio\/wp-content\/uploads\/2023\/11\/Sole-2-modalidades.mp4\"><\/video><\/figure><div class=\"wp-block-media-text__content\">\n<p class=\"has-text-align-center has-base-3-color has-vivid-cyan-blue-to-vivid-purple-gradient-background has-text-color has-background has-medium-font-size\"><strong>Para comenzar a realizar la inscripci\u00f3n online, debe previamente abonar el arancel correspondiente optando por una de dos modalidades<\/strong><\/p>\n<\/div><\/div>\n\n\n\n<p class=\"has-base-3-color has-text-color has-background has-medium-font-size\" style=\"background:linear-gradient(271deg,rgb(255,206,236) 0%,rgb(152,150,240) 100%)\"><strong>Modalidad 1<\/strong>: <strong>Presencialmente<\/strong><\/p>\n\n\n\n<div class=\"wp-block-media-text alignwide is-stacked-on-mobile\" style=\"grid-template-columns:20% auto\"><figure class=\"wp-block-media-text__media\"><video controls src=\"https:\/\/ies9024-infd.mendoza.edu.ar\/sitio\/wp-content\/uploads\/2023\/11\/Sole-Presencial.mp4\"><\/video><\/figure><div class=\"wp-block-media-text__content\">\n<pre class=\"wp-block-preformatted has-medium-font-size\"><strong>Paso 1:<\/strong> Se asiste presencialmente a la <strong>Secretaria <\/strong>del Instituto de Educaci\u00f3n Superior 9-024, ubicado en las instalaciones del <a href=\"https:\/\/maps.app.goo.gl\/LkYdnYRuYvJFEAWq5\" target=\"_blank\" rel=\"noreferrer noopener\">Centro de Educaci\u00f3n e Investigaciones Lavalle en Dr. Moreno y Fleming - Villa Tulumaya - Lavalle<\/a>, en los horarios de lunes a viernes de 9:00 a 13 hs. y de 15:00 a 21:00 hs.\n\n<strong>Paso 2: <\/strong>Se abona el arancel correspondiente. \n\n<strong>Paso 3:<\/strong> Se le emite un recibo.\n\n<strong>Paso 4:<\/strong> Con el <strong>n\u00famero de recibo<\/strong>, se debe <strong>completar <\/strong>el siguiente formulario de inscripci\u00f3n.<\/pre>\n<\/div><\/div>\n\n\n\n<div class=\"wp-block-buttons is-content-justification-center is-layout-flex wp-container-10\">\n<div class=\"wp-block-button has-custom-width wp-block-button__width-100 has-custom-font-size is-style-fill has-large-font-size\"><a class=\"wp-block-button__link has-vivid-cyan-blue-to-vivid-purple-gradient-background has-background wp-element-button\" href=\"https:\/\/script.google.com\/macros\/s\/AKfycbxrGr68w073toyWNPZUFJh_pnijmbfg2dPTC6C9NvN09JBRzeZSSlh6Ew5c5Qdal95V\/exec\" style=\"border-radius:20px\" target=\"_blank\" rel=\"noreferrer noopener\">FORMULARIO DE INSCRIPCI\u00d3N<\/a><\/div>\n<\/div>\n\n\n\n<p class=\"has-base-3-color has-text-color has-background has-medium-font-size\" style=\"background:linear-gradient(279deg,rgb(255,206,236) 0%,rgb(152,150,240) 100%)\"><strong>Modalidad 2: Dep\u00f3sito en cuenta bancaria<\/strong><\/p>\n\n\n\n<div class=\"wp-block-media-text alignwide is-stacked-on-mobile\" style=\"grid-template-columns:24% auto\"><figure class=\"wp-block-media-text__media\"><video controls src=\"https:\/\/ies9024-infd.mendoza.edu.ar\/sitio\/wp-content\/uploads\/2023\/11\/Sole-Virtual-1.mp4\"><\/video><\/figure><div class=\"wp-block-media-text__content\">\n<pre class=\"wp-block-preformatted has-medium-font-size\"><strong>Paso 1:<\/strong> Se realiza la transferencia mediante CBU o ALIAS.\n                 <strong>CBU:<\/strong> 1910315455031501206482\n                 <strong>ALIAS: <\/strong>COOPERADORAIES9024 \n                 <strong>Consignar en motivos: VARIOS <\/strong>\n\n<strong>Paso 2: <\/strong>Se <strong>env\u00eda el comprobante de transferencia<\/strong> en adjunto a la siguiente direcci\u00f3n de correo electr\u00f3nico: <a href=\"mailto:cooperadora9024@gmail.com\"><strong>cooperadora9024@gmail.com<\/strong><\/a> aclarando <strong>Nombre, Apellido y DNI ,(Certificado de Alumno Regular si es estudiante)<\/strong>, de la persona que se desea inscribir.\n\n<strong>Paso 3:<\/strong> Dentro de las 24hs. de haber enviado el comprobante (en d\u00edas h\u00e1biles), recibir\u00e1 un correo con el <strong>recibo <\/strong>de pago correspondiente.\n\n<strong>Paso 4:<\/strong> Con el <strong>n\u00famero de recibo de pago<\/strong>, recibido por correo, se debe <strong>completar <\/strong>el siguiente formulario de inscripci\u00f3n.\n<\/pre>\n<\/div><\/div>\n\n\n\n<div class=\"wp-block-buttons is-content-justification-center is-layout-flex wp-container-11\">\n<div class=\"wp-block-button has-custom-width wp-block-button__width-100 has-custom-font-size is-style-fill has-large-font-size\"><a class=\"wp-block-button__link has-vivid-cyan-blue-to-vivid-purple-gradient-background has-background wp-element-button\" href=\"https:\/\/script.google.com\/macros\/s\/AKfycbxrGr68w073toyWNPZUFJh_pnijmbfg2dPTC6C9NvN09JBRzeZSSlh6Ew5c5Qdal95V\/exec\" style=\"border-radius:20px\" target=\"_blank\" rel=\"noreferrer noopener\">FORMULARIO DE INSCRIPCI\u00d3N<\/a><\/div>\n<\/div>\n\n\n\n<p><\/p>\n","protected":false},"excerpt":{"rendered":"<p>Puntaje Docente Costo del Evento Cronograma Modalidad del Evento: PRESENCIAL O VIRTUAL Para comenzar a realizar la inscripci\u00f3n online, debe previamente abonar el arancel correspondiente optando por una de dos modalidades Modalidad 1: Presencialmente Paso 1: Se asiste presencialmente a la Secretaria del Instituto de Educaci\u00f3n Superior 9-024, ubicado en las instalaciones del Centro de &#8230; <a title=\"13\u00b0 Congreso de educaci\u00f3n integral, alfabetizaci\u00f3n y literatura: \u00abLa dimensi\u00f3n afectiva de los procesos de ense\u00f1anza y aprendizaje &#8211; Inteligencia artificial an\u00e1lisis de algunas relaciones con la escolarizaci\u00f3n\u00bb\" class=\"read-more\" href=\"https:\/\/ies9024-infd.mendoza.edu.ar\/sitio\/13-congreso-de-educacion-integral-alfabetizacion-y-literatura-la-dimension-afectiva-de-los-procesos-de-ensenanza-y-aprendizaje-inteligencia-artificial-analisis-de-algunas-relaciones-con-la\/\" aria-label=\"More on 13\u00b0 Congreso de educaci\u00f3n integral, alfabetizaci\u00f3n y literatura: \u00abLa dimensi\u00f3n afectiva de los procesos de ense\u00f1anza y aprendizaje &#8211; Inteligencia artificial an\u00e1lisis de algunas relaciones con la escolarizaci\u00f3n\u00bb\">[+]<\/a><\/p>\n","protected":false},"author":589,"featured_media":0,"parent":0,"menu_order":0,"comment_status":"closed","ping_status":"closed","template":"","meta":[],"acf":[],"_links":{"self":[{"href":"https:\/\/ies9024-infd.mendoza.edu.ar\/sitio\/wp-json\/wp\/v2\/pages\/5896"}],"collection":[{"href":"https:\/\/ies9024-infd.mendoza.edu.ar\/sitio\/wp-json\/wp\/v2\/pages"}],"about":[{"href":"https:\/\/ies9024-infd.mendoza.edu.ar\/sitio\/wp-json\/wp\/v2\/types\/page"}],"author":[{"embeddable":true,"href":"https:\/\/ies9024-infd.mendoza.edu.ar\/sitio\/wp-json\/wp\/v2\/users\/589"}],"replies":[{"embeddable":true,"href":"https:\/\/ies9024-infd.mendoza.edu.ar\/sitio\/wp-json\/wp\/v2\/comments?post=5896"}],"version-history":[{"count":18,"href":"https:\/\/ies9024-infd.mendoza.edu.ar\/sitio\/wp-json\/wp\/v2\/pages\/5896\/revisions"}],"predecessor-version":[{"id":6384,"href":"https:\/\/ies9024-infd.mendoza.edu.ar\/sitio\/wp-json\/wp\/v2\/pages\/5896\/revisions\/6384"}],"wp:attachment":[{"href":"https:\/\/ies9024-infd.mendoza.edu.ar\/sitio\/wp-json\/wp\/v2\/media?parent=5896"}],"curies":[{"name":"wp","href":"https:\/\/api.w.org\/{rel}","templated":true}]}}